{"id":510,"date":"2024-10-07T20:20:07","date_gmt":"2024-10-07T20:20:07","guid":{"rendered":"https:\/\/floryaplastik.com\/?page_id=510"},"modified":"2024-10-11T08:19:35","modified_gmt":"2024-10-11T08:19:35","slug":"haberler","status":"publish","type":"page","link":"https:\/\/floryaplastik.com\/en\/haberler\/","title":{"rendered":"News"},"content":{"rendered":"<nav aria-label=\"breadcrumbs\"><p><a href=\"https:\/\/floryaplastik.com\/en\/\">Homepage<\/a> &bull; Haberler<\/p><\/nav>\n\t<meta itemscope itemprop=\"mainEntityOfPage\" itemtype=\"https:\/\/schema.org\/WebPage\" itemid=\"http:\/\/1210\" content=\"Plasti\u011fin Hayat\u0131m\u0131zdaki Yeri ve Geri D\u00f6n\u00fc\u015f\u00fcmle S\u00fcrd\u00fcr\u00fclebilir Bir Gelecek\" \/><meta itemprop=\"datePublished\" content=\"2024-10-10\" \/><meta itemprop=\"dateModified\" content=\"2024-10-10\" \/><meta itemprop=\"name\" content=\"Florya Plastik - Florya Garden\"\/><meta itemprop=\"url\" content=\"https:\/\/floryaplastik.com\/wp-content\/uploads\/2024\/10\/florya_logo.svg\"\/><meta itemprop=\"url\" content=\"https:\/\/floryaplastik.com\/author\/baran\/\" \/><meta itemprop=\"name\" content=\"Baran\" \/><meta itemprop=\"url\" content=\"https:\/\/floryaplastik.com\/wp-content\/uploads\/2024\/10\/onarim-1.webp\" \/><meta itemprop=\"width\" content=\"1380\" \/><meta itemprop=\"height\" content=\"1032\" \/><meta itemprop=\"interactionType\" content=\"https:\/\/schema.org\/CommentAction\" \/><meta itemprop=\"userInteractionCount\" content=\"0\" \/>\n\t\t\t\t\t<a href=\"https:\/\/floryaplastik.com\/en\/blog\/plastigin-hayatimizdaki-yeri-ve-geri-donusumle-surdurulebilir-bir-gelecek\/\" title=\"The Place of Plastic in Our Lives and a Sustainable Future with Recycling\"><\/a>\n\t\t\t\t<img loading=\"lazy\" decoding=\"async\" src=\"https:\/\/floryaplastik.com\/wp-content\/uploads\/2024\/10\/onarim-1-1024x766.webp\" alt=\"onar\u0131m (1)\" itemprop=\"image\" data-no-lazy=\"1\" height=\"766\" width=\"1024\" title=\"onar\u0131m (1)\" onerror=\"this.style.display='none'\"  \/>\n\t\t\t\t\t\t\t\t\t<h3 itemprop=\"headline\">\n\t\t\t\t\t\t\t\t\t\t\t\t\t\tThe Place of Plastic in Our Lives and a Sustainable Future with Recycling\t\t\t\t\t\t\t\t\t\t\t<\/h3>\n\t\t\tEkim 10, 2024\t\t\t\t\t\t\n\t<meta itemscope itemprop=\"mainEntityOfPage\" itemtype=\"https:\/\/schema.org\/WebPage\" itemid=\"http:\/\/1207\" content=\"Plastik Mobilyalar\u0131n Bak\u0131m\u0131 ve Uzun \u00d6m\u00fcrl\u00fc Kullan\u0131m\u0131 \u0130\u00e7in \u0130pu\u00e7lar\u0131\" \/><meta itemprop=\"datePublished\" content=\"2024-10-10\" \/><meta itemprop=\"dateModified\" content=\"2024-10-10\" \/><meta itemprop=\"name\" content=\"Florya Plastik - Florya Garden\"\/><meta itemprop=\"url\" content=\"https:\/\/floryaplastik.com\/wp-content\/uploads\/2024\/10\/florya_logo.svg\"\/><meta itemprop=\"url\" content=\"https:\/\/floryaplastik.com\/author\/baran\/\" \/><meta itemprop=\"name\" content=\"Baran\" \/><meta itemprop=\"url\" content=\"https:\/\/floryaplastik.com\/wp-content\/uploads\/2024\/10\/onarim.webp\" \/><meta itemprop=\"width\" content=\"1380\" \/><meta itemprop=\"height\" content=\"1032\" \/><meta itemprop=\"interactionType\" content=\"https:\/\/schema.org\/CommentAction\" \/><meta itemprop=\"userInteractionCount\" content=\"0\" \/>\n\t\t\t\t\t<a href=\"https:\/\/floryaplastik.com\/en\/blog\/plastik-mobilyalarin-bakimi-ve-uzun-omurlu-kullanimi-icin-ipuclari\/\" title=\"Tips for the Care and Longevity of Plastic Furniture\"><\/a>\n\t\t\t\t<img loading=\"lazy\" decoding=\"async\" src=\"https:\/\/floryaplastik.com\/wp-content\/uploads\/2024\/10\/onarim-1024x766.webp\" alt=\"onar\u0131m\" itemprop=\"image\" data-no-lazy=\"1\" height=\"766\" width=\"1024\" title=\"onar\u0131m\" onerror=\"this.style.display='none'\"  \/>\n\t\t\t\t\t\t\t\t\t<h3 itemprop=\"headline\">\n\t\t\t\t\t\t\t\t\t\t\t\t\t\tTips for the Care and Longevity of Plastic Furniture\t\t\t\t\t\t\t\t\t\t\t<\/h3>\n\t\t\tEkim 10, 2024\t\t\t\t\t\t\n\t<meta itemscope itemprop=\"mainEntityOfPage\" itemtype=\"https:\/\/schema.org\/WebPage\" itemid=\"http:\/\/1198\" content=\"Bah\u00e7e Mobilyalar\u0131nda Plastik Kullan\u0131m\u0131: Florya Garden \u00d6rne\u011fi\" \/><meta itemprop=\"datePublished\" content=\"2024-10-10\" \/><meta itemprop=\"dateModified\" content=\"2024-10-10\" \/><meta itemprop=\"name\" content=\"Florya Plastik - Florya Garden\"\/><meta itemprop=\"url\" content=\"https:\/\/floryaplastik.com\/wp-content\/uploads\/2024\/10\/florya_logo.svg\"\/><meta itemprop=\"url\" content=\"https:\/\/floryaplastik.com\/author\/baran\/\" \/><meta itemprop=\"name\" content=\"Baran\" \/><meta itemprop=\"url\" content=\"https:\/\/floryaplastik.com\/wp-content\/uploads\/2024\/10\/bahcede-plastik.webp\" \/><meta itemprop=\"width\" content=\"1380\" \/><meta itemprop=\"height\" content=\"1032\" \/><meta itemprop=\"interactionType\" content=\"https:\/\/schema.org\/CommentAction\" \/><meta itemprop=\"userInteractionCount\" content=\"0\" \/>\n\t\t\t\t\t<a href=\"https:\/\/floryaplastik.com\/en\/blog\/bahce-mobilyalarinda-plastik-kullanimi-florya-garden-ornegi\/\" title=\"The Use of Plastic in Garden Furniture: Florya Garden Example\"><\/a>\n\t\t\t\t<img loading=\"lazy\" decoding=\"async\" src=\"https:\/\/floryaplastik.com\/wp-content\/uploads\/2024\/10\/bahcede-plastik-1024x766.webp\" alt=\"bahcede plastik\" itemprop=\"image\" data-no-lazy=\"1\" height=\"766\" width=\"1024\" title=\"bahcede plastik\" onerror=\"this.style.display='none'\"  \/>\n\t\t\t\t\t\t\t\t\t<h3 itemprop=\"headline\">\n\t\t\t\t\t\t\t\t\t\t\t\t\t\tThe Use of Plastic in Garden Furniture: Florya Garden Example\t\t\t\t\t\t\t\t\t\t\t<\/h3>\n\t\t\tEkim 10, 2024\t\t\t\t\t\t\n\t<meta itemscope itemprop=\"mainEntityOfPage\" itemtype=\"https:\/\/schema.org\/WebPage\" itemid=\"http:\/\/1200\" content=\"Plastik Geri D\u00f6n\u00fc\u015f\u00fcm\u00fcn\u00fcn \u00d6nemi ve \u00c7evresel Katk\u0131lar\u0131\" \/><meta itemprop=\"datePublished\" content=\"2024-10-10\" \/><meta itemprop=\"dateModified\" content=\"2024-10-10\" \/><meta itemprop=\"name\" content=\"Florya Plastik - Florya Garden\"\/><meta itemprop=\"url\" content=\"https:\/\/floryaplastik.com\/wp-content\/uploads\/2024\/10\/florya_logo.svg\"\/><meta itemprop=\"url\" content=\"https:\/\/floryaplastik.com\/author\/baran\/\" \/><meta itemprop=\"name\" content=\"Baran\" \/><meta itemprop=\"url\" content=\"https:\/\/floryaplastik.com\/wp-content\/uploads\/2024\/10\/geridonusum-plastik.webp\" \/><meta itemprop=\"width\" content=\"1380\" \/><meta itemprop=\"height\" content=\"1032\" \/><meta itemprop=\"interactionType\" content=\"https:\/\/schema.org\/CommentAction\" \/><meta itemprop=\"userInteractionCount\" content=\"0\" \/>\n\t\t\t\t\t<a href=\"https:\/\/floryaplastik.com\/en\/blog\/plastik-geri-donusumunun-onemi-ve-cevresel-katkilari\/\" title=\"Importance and Environmental Contributions of Plastic Recycling\"><\/a>\n\t\t\t\t<img loading=\"lazy\" decoding=\"async\" src=\"https:\/\/floryaplastik.com\/wp-content\/uploads\/2024\/10\/geridonusum-plastik-1024x766.webp\" alt=\"geridonusum plastik\" itemprop=\"image\" data-no-lazy=\"1\" height=\"766\" width=\"1024\" title=\"geridonusum plastik\" onerror=\"this.style.display='none'\"  \/>\n\t\t\t\t\t\t\t\t\t<h3 itemprop=\"headline\">\n\t\t\t\t\t\t\t\t\t\t\t\t\t\tImportance and Environmental Contributions of Plastic Recycling\t\t\t\t\t\t\t\t\t\t\t<\/h3>\n\t\t\tEkim 10, 2024\t\t\t\t\t\t\n\t<meta itemscope itemprop=\"mainEntityOfPage\" itemtype=\"https:\/\/schema.org\/WebPage\" itemid=\"http:\/\/1199\" content=\"Plastik Sandalyelerin Sa\u011flad\u0131\u011f\u0131 Avantajlar ve Konforun S\u0131rr\u0131\" \/><meta itemprop=\"datePublished\" content=\"2024-10-10\" \/><meta itemprop=\"dateModified\" content=\"2024-10-10\" \/><meta itemprop=\"name\" content=\"Florya Plastik - Florya Garden\"\/><meta itemprop=\"url\" content=\"https:\/\/floryaplastik.com\/wp-content\/uploads\/2024\/10\/florya_logo.svg\"\/><meta itemprop=\"url\" content=\"https:\/\/floryaplastik.com\/author\/baran\/\" \/><meta itemprop=\"name\" content=\"Baran\" \/><meta itemprop=\"url\" content=\"https:\/\/floryaplastik.com\/wp-content\/uploads\/2024\/10\/plastik-uretim-1.webp\" \/><meta itemprop=\"width\" content=\"1380\" \/><meta itemprop=\"height\" content=\"1032\" \/><meta itemprop=\"interactionType\" content=\"https:\/\/schema.org\/CommentAction\" \/><meta itemprop=\"userInteractionCount\" content=\"0\" \/>\n\t\t\t\t\t<a href=\"https:\/\/floryaplastik.com\/en\/blog\/plastik-sandalyelerin-sagladigi-avantajlar-ve-konforun-sirri\/\" title=\"The Advantages of Plastic Chairs and the Secret of Comfort\"><\/a>\n\t\t\t\t<img loading=\"lazy\" decoding=\"async\" src=\"https:\/\/floryaplastik.com\/wp-content\/uploads\/2024\/10\/plastik-uretim-1-1024x766.webp\" alt=\"plastik u\u0308retim (1)\" itemprop=\"image\" data-no-lazy=\"1\" height=\"766\" width=\"1024\" title=\"plastik u\u0308retim (1)\" onerror=\"this.style.display='none'\"  \/>\n\t\t\t\t\t\t\t\t\t<h3 itemprop=\"headline\">\n\t\t\t\t\t\t\t\t\t\t\t\t\t\tThe Advantages of Plastic Chairs and the Secret of Comfort\t\t\t\t\t\t\t\t\t\t\t<\/h3>\n\t\t\tEkim 10, 2024\t\t\t\t\t\t\n\t<meta itemscope itemprop=\"mainEntityOfPage\" itemtype=\"https:\/\/schema.org\/WebPage\" itemid=\"http:\/\/1195\" content=\"Plastik Malzemelerin Modern \u00dcretimdeki Yeri ve Avantajlar\u0131\" \/><meta itemprop=\"datePublished\" content=\"2024-10-10\" \/><meta itemprop=\"dateModified\" content=\"2024-10-10\" \/><meta itemprop=\"name\" content=\"Florya Plastik - Florya Garden\"\/><meta itemprop=\"url\" content=\"https:\/\/floryaplastik.com\/wp-content\/uploads\/2024\/10\/florya_logo.svg\"\/><meta itemprop=\"url\" content=\"https:\/\/floryaplastik.com\/author\/baran\/\" \/><meta itemprop=\"name\" content=\"Baran\" \/><meta itemprop=\"url\" content=\"https:\/\/floryaplastik.com\/wp-content\/uploads\/2024\/10\/plastik-uretim.webp\" \/><meta itemprop=\"width\" content=\"1380\" \/><meta itemprop=\"height\" content=\"1032\" \/><meta itemprop=\"interactionType\" content=\"https:\/\/schema.org\/CommentAction\" \/><meta itemprop=\"userInteractionCount\" content=\"0\" \/>\n\t\t\t\t\t<a href=\"https:\/\/floryaplastik.com\/en\/blog\/plastik-malzemelerin-modern-uretimdeki-yeri-ve-avantajlari\/\" title=\"The Place and Advantages of Plastic Materials in Modern Production\"><\/a>\n\t\t\t\t<img loading=\"lazy\" decoding=\"async\" src=\"https:\/\/floryaplastik.com\/wp-content\/uploads\/2024\/10\/plastik-uretim-1024x766.webp\" alt=\"plastik u\u0308retim\" itemprop=\"image\" data-no-lazy=\"1\" height=\"766\" width=\"1024\" title=\"plastik u\u0308retim\" onerror=\"this.style.display='none'\"  \/>\n\t\t\t\t\t\t\t\t\t<h3 itemprop=\"headline\">\n\t\t\t\t\t\t\t\t\t\t\t\t\t\tThe Place and Advantages of Plastic Materials in Modern Production\t\t\t\t\t\t\t\t\t\t\t<\/h3>\n\t\t\tEkim 10, 2024\t\t\t\t\t\t\n\t\t<!-- .pp-content-posts -->","protected":false},"excerpt":{"rendered":"<p>Anasayfa &bull; Haberler Plasti\u011fin Hayat\u0131m\u0131zdaki Yeri ve Geri D\u00f6n\u00fc\u015f\u00fcmle S\u00fcrd\u00fcr\u00fclebilir Bir Gelecek Ekim 10, 2024 Plastik Mobilyalar\u0131n Bak\u0131m\u0131 ve Uzun [&hellip;]<\/p>","protected":false},"author":1,"featured_media":0,"parent":0,"menu_order":0,"comment_status":"closed","ping_status":"closed","template":"","meta":{"rank_math_lock_modified_date":false,"inline_featured_image":false,"site-sidebar-layout":"no-sidebar","site-content-layout":"page-builder","ast-site-content-layout":"full-width-container","site-content-style":"boxed","site-sidebar-style":"default","ast-global-header-display":"","ast-banner-title-visibility":"disabled","ast-main-header-display":"","ast-hfb-above-header-display":"","ast-hfb-below-header-display":"","ast-hfb-mobile-header-display":"disabled","site-post-title":"disabled","ast-breadcrumbs-content":"disabled","ast-featured-img":"disabled","footer-sml-layout":"disabled","theme-transparent-header-meta":"default","adv-header-id-meta":"","stick-header-meta":"default","header-above-stick-meta":"","header-main-stick-meta":"","header-below-stick-meta":"","astra-migrate-meta-layouts":"set","ast-page-background-enabled":"default","ast-page-background-meta":{"desktop":{"background-color":"var(--ast-global-color-4)","background-image":"","background-repeat":"repeat","background-position":"center center","background-size":"auto","background-attachment":"scroll","background-type":"","background-media":"","overlay-type":"","overlay-color":"","overlay-opacity":"","overlay-gradient":""},"tablet":{"background-color":"","background-image":"","background-repeat":"repeat","background-position":"center center","background-size":"auto","background-attachment":"scroll","background-type":"","background-media":"","overlay-type":"","overlay-color":"","overlay-opacity":"","overlay-gradient":""},"mobile":{"background-color":"","background-image":"","background-repeat":"repeat","background-position":"center center","background-size":"auto","background-attachment":"scroll","background-type":"","background-media":"","overlay-type":"","overlay-color":"","overlay-opacity":"","overlay-gradient":""}},"ast-content-background-meta":{"desktop":{"background-color":"var(--ast-global-color-5)","background-image":"","background-repeat":"repeat","background-position":"center center","background-size":"auto","background-attachment":"scroll","background-type":"","background-media":"","overlay-type":"","overlay-color":"","overlay-opacity":"","overlay-gradient":""},"tablet":{"background-color":"var(--ast-global-color-5)","background-image":"","background-repeat":"repeat","background-position":"center center","background-size":"auto","background-attachment":"scroll","background-type":"","background-media":"","overlay-type":"","overlay-color":"","overlay-opacity":"","overlay-gradient":""},"mobile":{"background-color":"var(--ast-global-color-5)","background-image":"","background-repeat":"repeat","background-position":"center center","background-size":"auto","background-attachment":"scroll","background-type":"","background-media":"","overlay-type":"","overlay-color":"","overlay-opacity":"","overlay-gradient":""}},"footnotes":""},"class_list":["post-510","page","type-page","status-publish","hentry"],"acf":[],"_links":{"self":[{"href":"https:\/\/floryaplastik.com\/en\/wp-json\/wp\/v2\/pages\/510","targetHints":{"allow":["GET"]}}],"collection":[{"href":"https:\/\/floryaplastik.com\/en\/wp-json\/wp\/v2\/pages"}],"about":[{"href":"https:\/\/floryaplastik.com\/en\/wp-json\/wp\/v2\/types\/page"}],"author":[{"embeddable":true,"href":"https:\/\/floryaplastik.com\/en\/wp-json\/wp\/v2\/users\/1"}],"replies":[{"embeddable":true,"href":"https:\/\/floryaplastik.com\/en\/wp-json\/wp\/v2\/comments?post=510"}],"version-history":[{"count":1,"href":"https:\/\/floryaplastik.com\/en\/wp-json\/wp\/v2\/pages\/510\/revisions"}],"predecessor-version":[{"id":1634,"href":"https:\/\/floryaplastik.com\/en\/wp-json\/wp\/v2\/pages\/510\/revisions\/1634"}],"wp:attachment":[{"href":"https:\/\/floryaplastik.com\/en\/wp-json\/wp\/v2\/media?parent=510"}],"curies":[{"name":"wp","href":"https:\/\/api.w.org\/{rel}","templated":true}]}}