{"id":1093,"date":"2024-10-09T07:14:28","date_gmt":"2024-10-09T07:14:28","guid":{"rendered":"https:\/\/floryaplastik.com\/?page_id=1093"},"modified":"2024-10-09T07:16:06","modified_gmt":"2024-10-09T07:16:06","slug":"gizlilik-politikasi","status":"publish","type":"page","link":"https:\/\/floryaplastik.com\/en\/gizlilik-politikasi\/","title":{"rendered":"Privacy Policy"},"content":{"rendered":"<nav aria-label=\"breadcrumbs\"><p><a href=\"https:\/\/floryaplastik.com\/en\/\">Homepage<\/a> &bull; Gizlilik Politikas\u0131<\/p><\/nav><h2>\n\t\tFlorya Plastik &#8211; Florya Garden Gizlilik Politikas\u0131\n\t<\/h2>\n\t<h3><strong>1. Introduction<\/strong><\/h3>\n<p>As Florya Plastik, we attach great importance to the privacy and security of your personal data. This Privacy Policy describes what personal data we collect about you, how we use this data, and what precautions we take.<\/p>\n<h3><strong>2. Personal Data Collected<\/strong><\/h3>\n<p>When you visit our website or use our services, we may collect the following personal data:<\/p>\n<ul>\n<li>First and last name<\/li>\n<li>Contact information (phone, e-mail)<\/li>\n<li>Address details<\/li>\n<li>Purchase and transaction information<\/li>\n<li>Customer feedback and complaints<\/li>\n<\/ul>\n<h3><strong>3. Purposes of Use of Personal Data<\/strong><\/h3>\n<p>We use the personal data we collect for the following purposes:<\/p>\n<ul>\n<li>Execution of customer service<\/li>\n<li>Processing and delivery of orders<\/li>\n<li>Communication and marketing activities<\/li>\n<li>Fulfillment of legal obligations<\/li>\n<li>Increasing customer satisfaction<\/li>\n<\/ul>\n<h3><strong>4. Sharing of Personal Data<\/strong><\/h3>\n<p>Ki\u015fisel verileriniz, yaln\u0131zca yasal gereklilikler do\u011frultusunda ve hizmet sunumunu sa\u011flamak amac\u0131yla yetkili \u00fc\u00e7\u00fcnc\u00fc taraflarla payla\u015f\u0131labilir. Bu payla\u015f\u0131mlar, KVKK&#8217;ya uygun bir \u015fekilde yap\u0131lmaktad\u0131r.<\/p>\n<h3><strong>5. Protection of Personal Data<\/strong><\/h3>\n<p>We take the necessary technical and administrative measures to ensure the security of your personal data and protect your data. For this reason, we take all necessary measures to protect your data from loss, unauthorized access or misuse.<\/p>\n<h3><strong>6. User Rights<\/strong><\/h3>\n<p>In accordance with the KVKK, you have the following rights regarding your personal data:<\/p>\n<ul>\n<li>Learning about your personal data<\/li>\n<li>Requesting correction and deletion<\/li>\n<li>Do not object to its processing<\/li>\n<li>Making your data portable<\/li>\n<\/ul>\n<h3><strong>7. Children's Privacy<\/strong><\/h3>\n<p>Our services are not intended for children under the age of 18. If you believe that we have collected a child's personal data, please contact us.<\/p>\n<h3><strong>8. Policy Changes<\/strong><\/h3>\n<p>This Privacy Policy may be updated from time to time. We recommend that you check the policy regularly to keep up with updates. The changes are valid from the moment they are published on our website.<\/p>\n<h3><strong>9. contact information<\/strong><\/h3>\n<p>For any questions or requests related to the Privacy Policy, please contact us:<\/p>\n<strong>Florya Plastik<\/strong><br \/>\nE-mail :  info@floryaplastik.com<br \/>\nPhone: <a href=\"tel: 905411356792\" target=\"_blank\" rel=\"noopener\">+90 541 135 67 92<\/a><br \/>\nAddress: Sanayi Mah. 60350 Sokak No:13 \u015eehitkamil \/ GAZ\u0130ANTEP","protected":false},"excerpt":{"rendered":"<p>Anasayfa &bull; Gizlilik Politikas\u0131 Florya Plastik &#8211; Florya Garden Gizlilik Politikas\u0131 1. Giri\u015f Florya Plastik olarak, ki\u015fisel verilerinizin gizlili\u011fine ve [&hellip;]<\/p>","protected":false},"author":1,"featured_media":0,"parent":0,"menu_order":0,"comment_status":"closed","ping_status":"closed","template":"","meta":{"rank_math_lock_modified_date":false,"inline_featured_image":false,"site-sidebar-layout":"no-sidebar","site-content-layout":"page-builder","ast-site-content-layout":"full-width-container","site-content-style":"boxed","site-sidebar-style":"default","ast-global-header-display":"","ast-banner-title-visibility":"disabled","ast-main-header-display":"","ast-hfb-above-header-display":"","ast-hfb-below-header-display":"","ast-hfb-mobile-header-display":"disabled","site-post-title":"disabled","ast-breadcrumbs-content":"disabled","ast-featured-img":"disabled","footer-sml-layout":"disabled","theme-transparent-header-meta":"default","adv-header-id-meta":"","stick-header-meta":"default","header-above-stick-meta":"","header-main-stick-meta":"","header-below-stick-meta":"","astra-migrate-meta-layouts":"set","ast-page-background-enabled":"default","ast-page-background-meta":{"desktop":{"background-color":"var(--ast-global-color-4)","background-image":"","background-repeat":"repeat","background-position":"center center","background-size":"auto","background-attachment":"scroll","background-type":"","background-media":"","overlay-type":"","overlay-color":"","overlay-opacity":"","overlay-gradient":""},"tablet":{"background-color":"","background-image":"","background-repeat":"repeat","background-position":"center center","background-size":"auto","background-attachment":"scroll","background-type":"","background-media":"","overlay-type":"","overlay-color":"","overlay-opacity":"","overlay-gradient":""},"mobile":{"background-color":"","background-image":"","background-repeat":"repeat","background-position":"center center","background-size":"auto","background-attachment":"scroll","background-type":"","background-media":"","overlay-type":"","overlay-color":"","overlay-opacity":"","overlay-gradient":""}},"ast-content-background-meta":{"desktop":{"background-color":"var(--ast-global-color-5)","background-image":"","background-repeat":"repeat","background-position":"center center","background-size":"auto","background-attachment":"scroll","background-type":"","background-media":"","overlay-type":"","overlay-color":"","overlay-opacity":"","overlay-gradient":""},"tablet":{"background-color":"var(--ast-global-color-5)","background-image":"","background-repeat":"repeat","background-position":"center center","background-size":"auto","background-attachment":"scroll","background-type":"","background-media":"","overlay-type":"","overlay-color":"","overlay-opacity":"","overlay-gradient":""},"mobile":{"background-color":"var(--ast-global-color-5)","background-image":"","background-repeat":"repeat","background-position":"center center","background-size":"auto","background-attachment":"scroll","background-type":"","background-media":"","overlay-type":"","overlay-color":"","overlay-opacity":"","overlay-gradient":""}},"footnotes":""},"class_list":["post-1093","page","type-page","status-publish","hentry"],"acf":[],"_links":{"self":[{"href":"https:\/\/floryaplastik.com\/en\/wp-json\/wp\/v2\/pages\/1093","targetHints":{"allow":["GET"]}}],"collection":[{"href":"https:\/\/floryaplastik.com\/en\/wp-json\/wp\/v2\/pages"}],"about":[{"href":"https:\/\/floryaplastik.com\/en\/wp-json\/wp\/v2\/types\/page"}],"author":[{"embeddable":true,"href":"https:\/\/floryaplastik.com\/en\/wp-json\/wp\/v2\/users\/1"}],"replies":[{"embeddable":true,"href":"https:\/\/floryaplastik.com\/en\/wp-json\/wp\/v2\/comments?post=1093"}],"version-history":[{"count":2,"href":"https:\/\/floryaplastik.com\/en\/wp-json\/wp\/v2\/pages\/1093\/revisions"}],"predecessor-version":[{"id":1096,"href":"https:\/\/floryaplastik.com\/en\/wp-json\/wp\/v2\/pages\/1093\/revisions\/1096"}],"wp:attachment":[{"href":"https:\/\/floryaplastik.com\/en\/wp-json\/wp\/v2\/media?parent=1093"}],"curies":[{"name":"wp","href":"https:\/\/api.w.org\/{rel}","templated":true}]}}