{"id":1026,"date":"2024-10-08T21:19:48","date_gmt":"2024-10-08T21:19:48","guid":{"rendered":"https:\/\/floryaplastik.com\/?page_id=1026"},"modified":"2024-10-08T21:29:31","modified_gmt":"2024-10-08T21:29:31","slug":"online-katalog","status":"publish","type":"page","link":"https:\/\/floryaplastik.com\/en\/online-katalog\/","title":{"rendered":"Online Catalog"},"content":{"rendered":"<nav aria-label=\"breadcrumbs\"><p><a href=\"https:\/\/floryaplastik.com\/en\/\">Homepage<\/a> &bull; Online Katalog<\/p><\/nav>\n\t<div class=\"_df_book df-lite\" id=\"df_1029\"  _slug=\"katalog\" data-title=\"katalog\" wpoptions=\"true\" thumbtype=\"\" ><\/div><script class=\"df-shortcode-script\" type=\"application\/javascript\">window.option_df_1029 = {\"webgl\":\"true\",\"outline\":[],\"autoEnableOutline\":\"false\",\"autoEnableThumbnail\":\"false\",\"overwritePDFOutline\":\"false\",\"enableDownload\":\"false\",\"direction\":\"1\",\"pageSize\":\"0\",\"controlsPosition\":\"bottom\",\"maxTextureSize\":\"1400\",\"source\":\"https:\\\/\\\/floryaplastik.com\\\/wp-content\\\/uploads\\\/2024\\\/10\\\/katalog-sikistirilmis.pdf\",\"wpOptions\":\"true\"}; if(window.DFLIP && window.DFLIP.parseBooks){window.DFLIP.parseBooks();}<\/script>\n<h2>\n\t\tFREQUENTLY ASKED QUESTIONS\n\t<\/h2>\n\t<p>01.<\/p>\n<h3>\n\t\tIs there a guarantee for the venue seating?\n\t<\/h3>\n\t<p>Florya Garden offers a specific warranty period for outdoor seating groups, plastic chairs and tables.<\/p>\n\t<p>02.<\/p>\n<h3>\n\t\tWhat materials are their products made of?\n\t<\/h3>\n\t<p>Can I get information about the durability of outdoor seating groups, plastic chairs and tables?<\/p>\n\t<p>03.<\/p>\n<h3>\n\t\tIs there a minimum quantity to place an order?\n\t<\/h3>\n\t<p>Is there a certain minimum quantity or price range when ordering?<\/p>\n\t<p>04.<\/p>\n<h3>\n\t\tWhat is the delivery time of the products?\n\t<\/h3>\n\t<p>How long do orders usually take to be delivered and can I make a special delivery request?<\/p>","protected":false},"excerpt":{"rendered":"<p>Anasayfa &bull; Online Katalog SIK\u00c7A SORULAN SORULAR 01. Mekan oturma sandalyesinin garantisi var m\u0131? Florya Garden, d\u0131\u015f mekan oturma gruplar\u0131, [&hellip;]<\/p>","protected":false},"author":1,"featured_media":0,"parent":0,"menu_order":0,"comment_status":"closed","ping_status":"closed","template":"","meta":{"rank_math_lock_modified_date":false,"inline_featured_image":false,"site-sidebar-layout":"no-sidebar","site-content-layout":"page-builder","ast-site-content-layout":"full-width-container","site-content-style":"boxed","site-sidebar-style":"default","ast-global-header-display":"","ast-banner-title-visibility":"disabled","ast-main-header-display":"","ast-hfb-above-header-display":"","ast-hfb-below-header-display":"","ast-hfb-mobile-header-display":"disabled","site-post-title":"disabled","ast-breadcrumbs-content":"disabled","ast-featured-img":"disabled","footer-sml-layout":"disabled","theme-transparent-header-meta":"default","adv-header-id-meta":"","stick-header-meta":"default","header-above-stick-meta":"","header-main-stick-meta":"","header-below-stick-meta":"","astra-migrate-meta-layouts":"set","ast-page-background-enabled":"default","ast-page-background-meta":{"desktop":{"background-color":"var(--ast-global-color-4)","background-image":"","background-repeat":"repeat","background-position":"center center","background-size":"auto","background-attachment":"scroll","background-type":"","background-media":"","overlay-type":"","overlay-color":"","overlay-opacity":"","overlay-gradient":""},"tablet":{"background-color":"","background-image":"","background-repeat":"repeat","background-position":"center center","background-size":"auto","background-attachment":"scroll","background-type":"","background-media":"","overlay-type":"","overlay-color":"","overlay-opacity":"","overlay-gradient":""},"mobile":{"background-color":"","background-image":"","background-repeat":"repeat","background-position":"center center","background-size":"auto","background-attachment":"scroll","background-type":"","background-media":"","overlay-type":"","overlay-color":"","overlay-opacity":"","overlay-gradient":""}},"ast-content-background-meta":{"desktop":{"background-color":"var(--ast-global-color-5)","background-image":"","background-repeat":"repeat","background-position":"center center","background-size":"auto","background-attachment":"scroll","background-type":"","background-media":"","overlay-type":"","overlay-color":"","overlay-opacity":"","overlay-gradient":""},"tablet":{"background-color":"var(--ast-global-color-5)","background-image":"","background-repeat":"repeat","background-position":"center center","background-size":"auto","background-attachment":"scroll","background-type":"","background-media":"","overlay-type":"","overlay-color":"","overlay-opacity":"","overlay-gradient":""},"mobile":{"background-color":"var(--ast-global-color-5)","background-image":"","background-repeat":"repeat","background-position":"center center","background-size":"auto","background-attachment":"scroll","background-type":"","background-media":"","overlay-type":"","overlay-color":"","overlay-opacity":"","overlay-gradient":""}},"footnotes":""},"class_list":["post-1026","page","type-page","status-publish","hentry"],"acf":[],"_links":{"self":[{"href":"https:\/\/floryaplastik.com\/en\/wp-json\/wp\/v2\/pages\/1026","targetHints":{"allow":["GET"]}}],"collection":[{"href":"https:\/\/floryaplastik.com\/en\/wp-json\/wp\/v2\/pages"}],"about":[{"href":"https:\/\/floryaplastik.com\/en\/wp-json\/wp\/v2\/types\/page"}],"author":[{"embeddable":true,"href":"https:\/\/floryaplastik.com\/en\/wp-json\/wp\/v2\/users\/1"}],"replies":[{"embeddable":true,"href":"https:\/\/floryaplastik.com\/en\/wp-json\/wp\/v2\/comments?post=1026"}],"version-history":[{"count":2,"href":"https:\/\/floryaplastik.com\/en\/wp-json\/wp\/v2\/pages\/1026\/revisions"}],"predecessor-version":[{"id":1054,"href":"https:\/\/floryaplastik.com\/en\/wp-json\/wp\/v2\/pages\/1026\/revisions\/1054"}],"wp:attachment":[{"href":"https:\/\/floryaplastik.com\/en\/wp-json\/wp\/v2\/media?parent=1026"}],"curies":[{"name":"wp","href":"https:\/\/api.w.org\/{rel}","templated":true}]}}