{"id":501,"date":"2024-10-07T19:37:33","date_gmt":"2024-10-07T19:37:33","guid":{"rendered":"https:\/\/floryaplastik.com\/?page_id=501"},"modified":"2024-10-11T08:44:14","modified_gmt":"2024-10-11T08:44:14","slug":"kurumsal","status":"publish","type":"page","link":"https:\/\/floryaplastik.com\/ar\/kurumsal\/","title":{"rendered":"Kurumsal"},"content":{"rendered":"<nav aria-label=\"breadcrumbs\"><p><a href=\"https:\/\/floryaplastik.com\/ar\/\">\u0627\u0644\u0635\u0641\u062d\u0629 \u0627\u0644\u0631\u0626\u064a\u0633\u064a\u0629<\/a> &bull; Kurumsal<\/p><\/nav>\n\tFirmam\u0131z, 2000 y\u0131l\u0131nda Gaziantep&#8217;te \u00c7al\u0131\u015fkan Metal \u00fcnvan\u0131yla kurulmu\u015ftur. \u00dcretim yolculu\u011funa metal masa ve imalat\u0131yla ba\u015flayarak, Yenilik ve Kalite ilkesi do\u011frultusunda \u00fcr\u00fcn gam\u0131n\u0131 s\u00fcrekli olarak geni\u015fletmi\u015ftir. Teknolojiyi \u00fcretimin merkezine. koyan firmam\u0131z, her ge\u00e7en g\u00fcn makine parkurunu en son teknolojiye sahip ekipmanlarla donatarak b\u00fcy\u00fcmesini s\u00fcrd\u00fcrm\u00fc\u015ft\u00fcr. Robotik sistemlerle donat\u0131lm\u0131\u015f \u00fcretim hatlan sayesinde daha h\u0131zl\u0131 ve kaliteli \u00fcr\u00fcnler sunmaktad\u0131r.<br \/>\n 2010 y\u0131l\u0131nda metal ev gere\u00e7leri grubunu \u00fcr\u00fcn yelpazesine ekleyen firmam\u0131z, 2015&#8217;te uluslararas\u0131 pazara a\u00e7\u0131larak global a\u011f\u0131n\u0131 geni\u015fletmi\u015ftir. 2020 y\u0131l\u0131nda Florya Garden markas\u0131 alt\u0131nda plastik bah\u00e7e mobilyalar\u0131 \u00fcretimine ba\u015flam\u0131\u015f ve sekt\u00f6rdeki yenilik\u00e7i duru\u015funu peki\u015ftirmi\u015ftir. Bug\u00fcn T\u00fcrkiye&#8217;nin her ilinde var olan firmam\u0131z, d\u00fcnya genelinde de b\u00fcy\u00fcmeye ve kendini tan\u0131tmaya devam etmektedir.\n\t\t\t\t<img loading=\"lazy\" decoding=\"async\" src=\"https:\/\/floryaplastik.com\/wp-content\/uploads\/2024\/10\/Antrasit-2.webp\" alt=\"Antrasit\" itemprop=\"image\" height=\"1500\" width=\"1500\" title=\"\u0623\u0646\u062b\u0631\u0627\u0633\u0627\u064a\u062a\" onerror=\"this.style.display='none'\"  \/>\n\t<h2>\u0627\u0644\u0645\u0647\u0645\u0629<\/h2>\n<p>\u0645\u0648\u0627\u0635\u0644\u0629 \u0627\u0644\u0625\u0646\u062a\u0627\u062c \u062f\u0648\u0646 \u0627\u0646\u0642\u0637\u0627\u0639 \u0628\u0627\u0633\u062a\u062e\u062f\u0627\u0645 \u0645\u0648\u0627\u062f \u0639\u0627\u0644\u064a\u0629 \u0627\u0644\u062c\u0648\u062f\u0629 \u062f\u0627\u0626\u0645\u064b\u0627.<\/p>\n\t<h2>\u0627\u0644\u0631\u0624\u064a\u0629<\/h2>\n<p>\u0623\u0646 \u0646\u0643\u0648\u0646 \u0634\u0631\u0643\u0629 \u0631\u0627\u0626\u062f\u0629 \u0641\u064a \u0627\u0644\u062c\u0648\u062f\u0629 \u0648\u0627\u0644\u0627\u0628\u062a\u0643\u0627\u0631 \u0648\u0639\u0644\u0627\u0645\u0629 \u062a\u062c\u0627\u0631\u064a\u0629 \u0645\u0648\u062b\u0648\u0642\u0629 \u0641\u064a \u0627\u0644\u0633\u0648\u0642 \u0627\u0644\u0639\u0627\u0644\u0645\u064a\u0629.<\/p>\n<h2>\n\t\t\u0627\u0644\u0623\u0633\u0626\u0644\u0629 \u0627\u0644\u0645\u062a\u062f\u0627\u0648\u0644\u0629\n\t<\/h2>\n\t<p>01.<\/p>\n<h3>\n\t\t\u0647\u0644 \u064a\u0648\u062c\u062f \u0636\u0645\u0627\u0646 \u0639\u0644\u0649 \u0643\u0631\u0633\u064a \u0627\u0644\u062c\u0644\u0648\u0633 \u0641\u064a \u0627\u0644\u0645\u0643\u0627\u0646\u061f\n\t<\/h3>\n\t<p>\u062a\u0642\u062f\u0645 \u062d\u062f\u064a\u0642\u0629 \u0641\u0644\u0648\u0631\u064a\u0627 \u062c\u0627\u0631\u062f\u0646 \u0641\u062a\u0631\u0629 \u0636\u0645\u0627\u0646 \u0645\u0639\u064a\u0646\u0629 \u0644\u0645\u062c\u0645\u0648\u0639\u0627\u062a \u0627\u0644\u062c\u0644\u0648\u0633 \u0627\u0644\u062e\u0627\u0631\u062c\u064a\u0629 \u0648\u0627\u0644\u0643\u0631\u0627\u0633\u064a \u0648\u0627\u0644\u0637\u0627\u0648\u0644\u0627\u062a \u0627\u0644\u0628\u0644\u0627\u0633\u062a\u064a\u0643\u064a\u0629.<\/p>\n\t<p>02.<\/p>\n<h3>\n\t\t\u0645\u0627 \u0647\u064a \u0627\u0644\u0645\u0648\u0627\u062f \u0627\u0644\u0645\u0635\u0646\u0648\u0639\u0629 \u0645\u0646\u0647\u0627 \u0645\u0646\u062a\u062c\u0627\u062a\u0647\u0645\u061f\n\t<\/h3>\n\t<p>\u0647\u0644 \u064a\u0645\u0643\u0646\u0646\u064a \u0627\u0644\u062d\u0635\u0648\u0644 \u0639\u0644\u0649 \u0645\u0639\u0644\u0648\u0645\u0627\u062a \u062d\u0648\u0644 \u0645\u062a\u0627\u0646\u0629 \u0645\u062c\u0645\u0648\u0639\u0627\u062a \u0627\u0644\u062c\u0644\u0648\u0633 \u0627\u0644\u062e\u0627\u0631\u062c\u064a\u0629 \u0648\u0627\u0644\u0643\u0631\u0627\u0633\u064a \u0648\u0627\u0644\u0637\u0627\u0648\u0644\u0627\u062a \u0627\u0644\u0628\u0644\u0627\u0633\u062a\u064a\u0643\u064a\u0629\u061f<\/p>\n\t<p>03.<\/p>\n<h3>\n\t\t\u0647\u0644 \u0647\u0646\u0627\u0643 \u062d\u062f \u0623\u062f\u0646\u0649 \u0644\u0644\u0643\u0645\u064a\u0629 \u0644\u062a\u0642\u062f\u064a\u0645 \u0637\u0644\u0628\u064a\u0629\u061f\n\t<\/h3>\n\t<p>\u0647\u0644 \u0647\u0646\u0627\u0643 \u062d\u062f \u0623\u062f\u0646\u0649 \u0645\u0639\u064a\u0646 \u0644\u0644\u0643\u0645\u064a\u0629 \u0623\u0648 \u0646\u0637\u0627\u0642 \u0633\u0639\u0631\u064a \u0645\u0639\u064a\u0646 \u0639\u0646\u062f \u0627\u0644\u0637\u0644\u0628\u061f<\/p>\n\t<p>04.<\/p>\n<h3>\n\t\t\u0645\u0627 \u0647\u0648 \u0648\u0642\u062a \u062a\u0633\u0644\u064a\u0645 \u0627\u0644\u0645\u0646\u062a\u062c\u0627\u062a\u061f\n\t<\/h3>\n\t<p>\u0643\u0645 \u0645\u0646 \u0627\u0644\u0648\u0642\u062a \u064a\u0633\u062a\u063a\u0631\u0642 \u062a\u0648\u0635\u064a\u0644 \u0627\u0644\u0637\u0644\u0628\u0627\u062a \u0639\u0627\u062f\u0629\u064b \u0648\u0647\u0644 \u064a\u0645\u0643\u0646\u0646\u064a \u062a\u0642\u062f\u064a\u0645 \u0637\u0644\u0628 \u062a\u0648\u0635\u064a\u0644 \u062e\u0627\u0635\u061f<\/p>","protected":false},"excerpt":{"rendered":"<p>Anasayfa &bull; Kurumsal Firmam\u0131z, 2000 y\u0131l\u0131nda Gaziantep&#8217;te \u00c7al\u0131\u015fkan Metal \u00fcnvan\u0131yla kurulmu\u015ftur. \u00dcretim yolculu\u011funa metal masa ve imalat\u0131yla ba\u015flayarak, Yenilik ve [&hellip;]<\/p>","protected":false},"author":1,"featured_media":0,"parent":0,"menu_order":0,"comment_status":"closed","ping_status":"closed","template":"","meta":{"rank_math_lock_modified_date":false,"inline_featured_image":false,"site-sidebar-layout":"no-sidebar","site-content-layout":"page-builder","ast-site-content-layout":"full-width-container","site-content-style":"boxed","site-sidebar-style":"default","ast-global-header-display":"","ast-banner-title-visibility":"disabled","ast-main-header-display":"","ast-hfb-above-header-display":"","ast-hfb-below-header-display":"","ast-hfb-mobile-header-display":"disabled","site-post-title":"disabled","ast-breadcrumbs-content":"disabled","ast-featured-img":"disabled","footer-sml-layout":"disabled","theme-transparent-header-meta":"default","adv-header-id-meta":"","stick-header-meta":"default","header-above-stick-meta":"","header-main-stick-meta":"","header-below-stick-meta":"","astra-migrate-meta-layouts":"set","ast-page-background-enabled":"default","ast-page-background-meta":{"desktop":{"background-color":"var(--ast-global-color-4)","background-image":"","background-repeat":"repeat","background-position":"center center","background-size":"auto","background-attachment":"scroll","background-type":"","background-media":"","overlay-type":"","overlay-color":"","overlay-opacity":"","overlay-gradient":""},"tablet":{"background-color":"","background-image":"","background-repeat":"repeat","background-position":"center center","background-size":"auto","background-attachment":"scroll","background-type":"","background-media":"","overlay-type":"","overlay-color":"","overlay-opacity":"","overlay-gradient":""},"mobile":{"background-color":"","background-image":"","background-repeat":"repeat","background-position":"center center","background-size":"auto","background-attachment":"scroll","background-type":"","background-media":"","overlay-type":"","overlay-color":"","overlay-opacity":"","overlay-gradient":""}},"ast-content-background-meta":{"desktop":{"background-color":"var(--ast-global-color-5)","background-image":"","background-repeat":"repeat","background-position":"center center","background-size":"auto","background-attachment":"scroll","background-type":"","background-media":"","overlay-type":"","overlay-color":"","overlay-opacity":"","overlay-gradient":""},"tablet":{"background-color":"var(--ast-global-color-5)","background-image":"","background-repeat":"repeat","background-position":"center center","background-size":"auto","background-attachment":"scroll","background-type":"","background-media":"","overlay-type":"","overlay-color":"","overlay-opacity":"","overlay-gradient":""},"mobile":{"background-color":"var(--ast-global-color-5)","background-image":"","background-repeat":"repeat","background-position":"center center","background-size":"auto","background-attachment":"scroll","background-type":"","background-media":"","overlay-type":"","overlay-color":"","overlay-opacity":"","overlay-gradient":""}},"footnotes":""},"class_list":["post-501","page","type-page","status-publish","hentry"],"acf":[],"_links":{"self":[{"href":"https:\/\/floryaplastik.com\/ar\/wp-json\/wp\/v2\/pages\/501","targetHints":{"allow":["GET"]}}],"collection":[{"href":"https:\/\/floryaplastik.com\/ar\/wp-json\/wp\/v2\/pages"}],"about":[{"href":"https:\/\/floryaplastik.com\/ar\/wp-json\/wp\/v2\/types\/page"}],"author":[{"embeddable":true,"href":"https:\/\/floryaplastik.com\/ar\/wp-json\/wp\/v2\/users\/1"}],"replies":[{"embeddable":true,"href":"https:\/\/floryaplastik.com\/ar\/wp-json\/wp\/v2\/comments?post=501"}],"version-history":[{"count":5,"href":"https:\/\/floryaplastik.com\/ar\/wp-json\/wp\/v2\/pages\/501\/revisions"}],"predecessor-version":[{"id":1640,"href":"https:\/\/floryaplastik.com\/ar\/wp-json\/wp\/v2\/pages\/501\/revisions\/1640"}],"wp:attachment":[{"href":"https:\/\/floryaplastik.com\/ar\/wp-json\/wp\/v2\/media?parent=501"}],"curies":[{"name":"wp","href":"https:\/\/api.w.org\/{rel}","templated":true}]}}