{"id":1098,"date":"2024-10-09T07:20:33","date_gmt":"2024-10-09T07:20:33","guid":{"rendered":"https:\/\/floryaplastik.com\/?page_id=1098"},"modified":"2024-10-09T07:22:43","modified_gmt":"2024-10-09T07:22:43","slug":"aydinlatma-metni","status":"publish","type":"page","link":"https:\/\/floryaplastik.com\/ar\/aydinlatma-metni\/","title":{"rendered":"\u0646\u0635 \u062a\u0648\u0636\u064a\u062d\u064a"},"content":{"rendered":"<nav aria-label=\"breadcrumbs\"><p><a href=\"https:\/\/floryaplastik.com\/ar\/\">\u0627\u0644\u0635\u0641\u062d\u0629 \u0627\u0644\u0631\u0626\u064a\u0633\u064a\u0629<\/a> &bull; Ayd\u0131nlatma Metni<\/p><\/nav><h2>\n\t\t Tabii ki! \u0130\u015fte Florya Plastik &#8211; Florya Garden i\u00e7in \u00f6rnek bir Ayd\u0131nlatma Metni:  Florya Plastik &#8211; Florya Garden Ayd\u0131nlatma Metni\n\t<\/h2>\n\t<h3>\u0661 - \u0645\u0642\u062f\u0645\u0640\u0640\u0629<\/h3>\n<p>\u0628\u0635\u0641\u062a\u0646\u0627 \u0641\u0644\u0648\u0631\u064a\u0627 \u0628\u0644\u0627\u0633\u062a\u0643 \u060c \u0646\u062a\u062e\u0630 \u062c\u0645\u064a\u0639 \u0627\u0644\u062a\u062f\u0627\u0628\u064a\u0631 \u0627\u0644\u0644\u0627\u0632\u0645\u0629 \u0641\u064a \u0625\u0637\u0627\u0631 \u0642\u0627\u0646\u0648\u0646 \u062d\u0645\u0627\u064a\u0629 \u0627\u0644\u0628\u064a\u0627\u0646\u0627\u062a \u0627\u0644\u0634\u062e\u0635\u064a\u0629 (\u0643\u0641\u0643) \u0645\u0646 \u0623\u062c\u0644 \u062d\u0645\u0627\u064a\u0629 \u0628\u064a\u0627\u0646\u0627\u062a\u0643 \u0627\u0644\u0634\u062e\u0635\u064a\u0629 \u0648\u0636\u0645\u0627\u0646 \u062e\u0635\u0648\u0635\u064a\u062a\u0643. \u062a\u0645 \u0625\u0639\u062f\u0627\u062f \u0646\u0635 \u0627\u0644\u062a\u0648\u0636\u064a\u062d \u0647\u0630\u0627 \u0644\u0634\u0631\u062d \u0643\u064a\u0641\u064a\u0629 \u062c\u0645\u0639 \u0628\u064a\u0627\u0646\u0627\u062a\u0643 \u0627\u0644\u0634\u062e\u0635\u064a\u0629 \u0648\u0627\u0633\u062a\u062e\u062f\u0627\u0645\u0647\u0627 \u0648\u062a\u062e\u0632\u064a\u0646\u0647\u0627 \u0648\u0645\u0634\u0627\u0631\u0643\u062a\u0647\u0627.<\/p>\n<h3><strong>2. \u0645\u0631\u0627\u0642\u0628 \u0627\u0644\u0628\u064a\u0627\u0646\u0627\u062a<\/strong><\/h3>\n<p>\u0646\u0648\u062f \u0623\u0646 \u0646\u0634\u064a\u0631 \u0625\u0644\u0649 \u0623\u0646 \u0641\u0644\u0648\u0631\u064a\u0627 \u0628\u0644\u0627\u0633\u062a\u064a\u0643\u0645\u0633\u0624\u0648\u0644\u0629 \u0639\u0646 \u0628\u064a\u0627\u0646\u0627\u062a\u0643 \u0627\u0644\u0634\u062e\u0635\u064a\u0629. \u0645\u0639\u0644\u0648\u0645\u0627\u062a \u0627\u0644\u0627\u062a\u0635\u0627\u0644:<\/p>\n<ul>\n<li>\u0627\u0644\u0628\u0631\u064a\u062f \u0627\u0644\u0625\u0644\u0643\u062a\u0631\u0648\u0646\u064a :  info@floryaplastik.com<\/li>\n<li>\u0627\u0644\u0647\u0627\u062a\u0641: <a href=\"tel: 905411356792\" target=\"_blank\" rel=\"noopener\">+90 541 135 67 92<\/a><\/li>\n<li>\u0627\u0644\u0639\u0646\u0648\u0627\u0646: Sanayi Mah. 60350 Sokak No:13 \u015eehitkamil \/ GAZ\u0130ANTEP<\/li>\n<\/ul>\n<h3><strong>3. \u0637\u0631\u0642 \u062c\u0645\u0639 \u0627\u0644\u0628\u064a\u0627\u0646\u0627\u062a \u0627\u0644\u0634\u062e\u0635\u064a\u0629<\/strong><\/h3>\n<p>\u064a\u062a\u0645 \u062c\u0645\u0639 \u0628\u064a\u0627\u0646\u0627\u062a\u0643 \u0627\u0644\u0634\u062e\u0635\u064a\u0629 \u0645\u0646 \u062e\u0644\u0627\u0644 \u0645\u0648\u0642\u0639\u0646\u0627 \u0627\u0644\u0625\u0644\u0643\u062a\u0631\u0648\u0646\u064a \u0648\u062d\u0633\u0627\u0628\u0627\u062a \u0648\u0633\u0627\u0626\u0644 \u0627\u0644\u062a\u0648\u0627\u0635\u0644 \u0627\u0644\u0627\u062c\u062a\u0645\u0627\u0639\u064a \u0648\u0627\u0644\u0645\u062a\u0627\u062c\u0631 \u0627\u0644\u0641\u0639\u0644\u064a\u0629 \u0648\u0646\u0645\u0627\u0630\u062c \u0627\u0644\u0627\u062a\u0635\u0627\u0644 \u0648\u0627\u0644\u0642\u0646\u0648\u0627\u062a \u0627\u0644\u0623\u062e\u0631\u0649. \u0628\u0627\u0644\u0625\u0636\u0627\u0641\u0629 \u0625\u0644\u0649 \u0630\u0644\u0643 \u060c \u0642\u062f \u062a\u062a\u0645 \u0645\u0639\u0627\u0644\u062c\u0629 \u0628\u064a\u0627\u0646\u0627\u062a\u0643 \u0623\u064a\u0636\u0627 \u0641\u064a \u0646\u0637\u0627\u0642 \u0639\u0642\u0648\u062f\u0646\u0627 \u0645\u0639\u0643 \u0648\u0639\u0644\u0627\u0642\u0627\u062a \u0627\u0644\u0639\u0645\u0644\u0627\u0621.<\/p>\n<h3><strong>4. \u0645\u0639\u0627\u0644\u062c\u0629 \u0627\u0644\u0628\u064a\u0627\u0646\u0627\u062a \u0627\u0644\u0634\u062e\u0635\u064a\u0629<\/strong><\/h3>\n<p>\u0642\u062f \u062a\u062a\u0636\u0645\u0646 \u0627\u0644\u0628\u064a\u0627\u0646\u0627\u062a \u0627\u0644\u0634\u062e\u0635\u064a\u0629 \u0627\u0644\u062a\u064a \u0646\u062c\u0645\u0639\u0647\u0627 \u0645\u0627 \u064a\u0644\u064a:<\/p>\n<ul>\n<li>\u0627\u0644\u0627\u0633\u0645 \u0627\u0644\u0623\u0648\u0644 \u0648\u0627\u0644\u0623\u062e\u064a\u0631<\/li>\n<li>\u062a\u0641\u0627\u0635\u064a\u0644 \u0627\u0644\u0627\u062a\u0635\u0627\u0644 (\u0627\u0644\u0647\u0627\u062a\u0641\u060c \u0627\u0644\u0628\u0631\u064a\u062f \u0627\u0644\u0625\u0644\u0643\u062a\u0631\u0648\u0646\u064a)<\/li>\n<li>\u062a\u0641\u0627\u0635\u064a\u0644 \u0627\u0644\u0639\u0646\u0648\u0627\u0646<\/li>\n<li>\u0645\u0639\u0644\u0648\u0645\u0627\u062a \u0627\u0644\u0634\u0631\u0627\u0621 \u0648\u0627\u0644\u0645\u0639\u0627\u0645\u0644\u0627\u062a<\/li>\n<li>\u0645\u0644\u0627\u062d\u0638\u0627\u062a \u0627\u0644\u0639\u0645\u0644\u0627\u0621 \u0648\u0627\u0644\u0634\u0643\u0627\u0648\u0649<\/li>\n<\/ul>\n<h3><strong>5. \u0623\u063a\u0631\u0627\u0636 \u0645\u0639\u0627\u0644\u062c\u0629 \u0627\u0644\u0628\u064a\u0627\u0646\u0627\u062a \u0627\u0644\u0634\u062e\u0635\u064a\u0629<\/strong><\/h3>\n<p>\u062a\u062a\u0645 \u0645\u0639\u0627\u0644\u062c\u0629 \u0628\u064a\u0627\u0646\u0627\u062a\u0643 \u0627\u0644\u0634\u062e\u0635\u064a\u0629 \u0644\u0644\u0623\u063a\u0631\u0627\u0636 \u0627\u0644\u062a\u0627\u0644\u064a\u0629:<\/p>\n<ul>\n<li>\u062a\u0646\u0641\u064a\u0630 \u062e\u062f\u0645\u0629 \u0627\u0644\u0639\u0645\u0644\u0627\u0621<\/li>\n<li>\u062a\u062c\u0647\u064a\u0632 \u0648\u062a\u0633\u0644\u064a\u0645 \u0627\u0644\u0637\u0644\u0628\u0627\u062a<\/li>\n<li>\u0623\u0646\u0634\u0637\u0629 \u0627\u0644\u062a\u0648\u0627\u0635\u0644 \u0648\u0627\u0644\u062a\u0633\u0648\u064a\u0642<\/li>\n<li>\u0627\u0644\u0648\u0641\u0627\u0621 \u0628\u0627\u0644\u0627\u0644\u062a\u0632\u0627\u0645\u0627\u062a \u0627\u0644\u0642\u0627\u0646\u0648\u0646\u064a\u0629<\/li>\n<li>\u0632\u064a\u0627\u062f\u0629 \u0631\u0636\u0627 \u0627\u0644\u0639\u0645\u0644\u0627\u0621<\/li>\n<\/ul>\n<h3><strong>6 - \u0645\u0634\u0627\u0631\u0643\u0629 \u0627\u0644\u0628\u064a\u0627\u0646\u0627\u062a \u0627\u0644\u0634\u062e\u0635\u064a\u0629<\/strong><\/h3>\n<p>Ki\u015fisel verileriniz, yasal bir zorunluluk olmas\u0131 durumunda veya hizmet sunumunu sa\u011flamak amac\u0131yla yetkili \u00fc\u00e7\u00fcnc\u00fc taraflarla payla\u015f\u0131labilir. Bu payla\u015f\u0131mlar KVKK&#8217;ya uygun olarak ger\u00e7ekle\u015ftirilecektir.<\/p>\n<h3><strong>7. \u0645\u062f\u0629 \u062a\u062e\u0632\u064a\u0646 \u0627\u0644\u0628\u064a\u0627\u0646\u0627\u062a \u0627\u0644\u0634\u062e\u0635\u064a\u0629<\/strong><\/h3>\n<p>\u0633\u064a\u062a\u0645 \u062a\u062e\u0632\u064a\u0646 \u0628\u064a\u0627\u0646\u0627\u062a\u0643 \u0627\u0644\u0634\u062e\u0635\u064a\u0629 \u0644\u0644\u0641\u062a\u0631\u0629 \u0627\u0644\u0644\u0627\u0632\u0645\u0629 \u0644\u0623\u063a\u0631\u0627\u0636 \u0627\u0644\u0645\u0639\u0627\u0644\u062c\u0629. \u0625\u0630\u0627 \u0627\u0646\u062a\u0647\u062a \u0627\u0644\u0645\u0648\u0627\u0639\u064a\u062f \u0627\u0644\u0646\u0647\u0627\u0626\u064a\u0629 \u0627\u0644\u0642\u0627\u0646\u0648\u0646\u064a\u0629 \u060c \u0641\u0633\u064a\u062a\u0645 \u062d\u0630\u0641 \u0628\u064a\u0627\u0646\u0627\u062a\u0643 \u0623\u0648 \u0625\u062e\u0641\u0627\u0621 \u0647\u0648\u064a\u062a\u0647\u0627.<\/p>\n<h3><strong>8. \u062d\u0642\u0648\u0642\u0643<\/strong><\/h3>\n<p>\u0648\u0641\u0642\u0627 \u0644\u0642\u0627\u0646\u0648\u0646 \u062d\u0645\u0627\u064a\u0629 \u0627\u0644\u0628\u064a\u0627\u0646\u0627\u062a \u0627\u0644\u0634\u062e\u0635\u064a\u0629 \u060c \u0644\u062f\u064a\u0643 \u0627\u0644\u062d\u0642\u0648\u0642 \u0627\u0644\u062a\u0627\u0644\u064a\u0629 \u0641\u064a\u0645\u0627 \u064a\u062a\u0639\u0644\u0642 \u0628\u0628\u064a\u0627\u0646\u0627\u062a\u0643 \u0627\u0644\u0634\u062e\u0635\u064a\u0629:<\/p>\n<ul>\n<li>\u0627\u0644\u062a\u0639\u0631\u0641 \u0639\u0644\u0649 \u0628\u064a\u0627\u0646\u0627\u062a\u0643 \u0627\u0644\u0634\u062e\u0635\u064a\u0629<\/li>\n<li>\u0637\u0644\u0628 \u062a\u0635\u062d\u064a\u062d<\/li>\n<li>\u0637\u0644\u0628 \u0627\u0644\u062d\u0630\u0641 \u0623\u0648 \u0625\u062e\u0641\u0627\u0621 \u0627\u0644\u0647\u0648\u064a\u0629<\/li>\n<li>\u0644\u0627 \u062a\u0639\u062a\u0631\u0636 \u0639\u0644\u0649 \u0645\u0639\u0627\u0644\u062c\u062a\u0647\u0627<\/li>\n<li>\u0637\u0644\u0628 \u0646\u0642\u0644 \u0628\u064a\u0627\u0646\u0627\u062a\u0643 \u0627\u0644\u0634\u062e\u0635\u064a\u0629 \u0625\u0644\u0649 \u0634\u062e\u0635 \u0622\u062e\u0631<\/li>\n<\/ul>\n<h3><strong>9. \u0627\u062a\u0635\u0644 \u0628\u0646\u0627<\/strong><\/h3>\n<p>\u0644\u062c\u0645\u064a\u0639 \u0623\u0646\u0648\u0627\u0639 \u0627\u0644\u0623\u0633\u0626\u0644\u0629 \u0648\u0627\u0644\u0637\u0644\u0628\u0627\u062a \u0627\u0644\u0645\u062a\u0639\u0644\u0642\u0629 \u0628\u0628\u064a\u0627\u0646\u0627\u062a\u0643 \u0627\u0644\u0634\u062e\u0635\u064a\u0629 \u060c \u064a\u0645\u0643\u0646\u0643 \u0627\u0644\u0627\u062a\u0635\u0627\u0644 \u0628\u0646\u0627 \u0639\u0628\u0631 \u0645\u0639\u0644\u0648\u0645\u0627\u062a \u0627\u0644\u0627\u062a\u0635\u0627\u0644 \u0627\u0644\u062a\u0627\u0644\u064a\u0629:<\/p>\n<strong>Florya Plastik<\/strong><br \/>\n\u0627\u0644\u0628\u0631\u064a\u062f \u0627\u0644\u0625\u0644\u0643\u062a\u0631\u0648\u0646\u064a :  info@floryaplastik.com<br \/>\n\u0627\u0644\u0647\u0627\u062a\u0641: <a href=\"tel: 905411356792\" target=\"_blank\" rel=\"noopener\">+90 541 135 67 92<\/a><br \/>\n\u0627\u0644\u0639\u0646\u0648\u0627\u0646: Sanayi Mah. 60350 Sokak No:13 \u015eehitkamil \/ GAZ\u0130ANTEP","protected":false},"excerpt":{"rendered":"<p>Anasayfa &bull; Ayd\u0131nlatma Metni Tabii ki! \u0130\u015fte Florya Plastik &#8211; Florya Garden i\u00e7in \u00f6rnek bir Ayd\u0131nlatma Metni: Florya Plastik &#8211; [&hellip;]<\/p>","protected":false},"author":1,"featured_media":0,"parent":0,"menu_order":0,"comment_status":"closed","ping_status":"closed","template":"","meta":{"rank_math_lock_modified_date":false,"inline_featured_image":false,"site-sidebar-layout":"no-sidebar","site-content-layout":"page-builder","ast-site-content-layout":"full-width-container","site-content-style":"boxed","site-sidebar-style":"default","ast-global-header-display":"","ast-banner-title-visibility":"disabled","ast-main-header-display":"","ast-hfb-above-header-display":"","ast-hfb-below-header-display":"","ast-hfb-mobile-header-display":"disabled","site-post-title":"disabled","ast-breadcrumbs-content":"disabled","ast-featured-img":"disabled","footer-sml-layout":"disabled","theme-transparent-header-meta":"default","adv-header-id-meta":"","stick-header-meta":"default","header-above-stick-meta":"","header-main-stick-meta":"","header-below-stick-meta":"","astra-migrate-meta-layouts":"set","ast-page-background-enabled":"default","ast-page-background-meta":{"desktop":{"background-color":"var(--ast-global-color-4)","background-image":"","background-repeat":"repeat","background-position":"center center","background-size":"auto","background-attachment":"scroll","background-type":"","background-media":"","overlay-type":"","overlay-color":"","overlay-opacity":"","overlay-gradient":""},"tablet":{"background-color":"","background-image":"","background-repeat":"repeat","background-position":"center center","background-size":"auto","background-attachment":"scroll","background-type":"","background-media":"","overlay-type":"","overlay-color":"","overlay-opacity":"","overlay-gradient":""},"mobile":{"background-color":"","background-image":"","background-repeat":"repeat","background-position":"center center","background-size":"auto","background-attachment":"scroll","background-type":"","background-media":"","overlay-type":"","overlay-color":"","overlay-opacity":"","overlay-gradient":""}},"ast-content-background-meta":{"desktop":{"background-color":"var(--ast-global-color-5)","background-image":"","background-repeat":"repeat","background-position":"center center","background-size":"auto","background-attachment":"scroll","background-type":"","background-media":"","overlay-type":"","overlay-color":"","overlay-opacity":"","overlay-gradient":""},"tablet":{"background-color":"var(--ast-global-color-5)","background-image":"","background-repeat":"repeat","background-position":"center center","background-size":"auto","background-attachment":"scroll","background-type":"","background-media":"","overlay-type":"","overlay-color":"","overlay-opacity":"","overlay-gradient":""},"mobile":{"background-color":"var(--ast-global-color-5)","background-image":"","background-repeat":"repeat","background-position":"center center","background-size":"auto","background-attachment":"scroll","background-type":"","background-media":"","overlay-type":"","overlay-color":"","overlay-opacity":"","overlay-gradient":""}},"footnotes":""},"class_list":["post-1098","page","type-page","status-publish","hentry"],"acf":[],"_links":{"self":[{"href":"https:\/\/floryaplastik.com\/ar\/wp-json\/wp\/v2\/pages\/1098","targetHints":{"allow":["GET"]}}],"collection":[{"href":"https:\/\/floryaplastik.com\/ar\/wp-json\/wp\/v2\/pages"}],"about":[{"href":"https:\/\/floryaplastik.com\/ar\/wp-json\/wp\/v2\/types\/page"}],"author":[{"embeddable":true,"href":"https:\/\/floryaplastik.com\/ar\/wp-json\/wp\/v2\/users\/1"}],"replies":[{"embeddable":true,"href":"https:\/\/floryaplastik.com\/ar\/wp-json\/wp\/v2\/comments?post=1098"}],"version-history":[{"count":2,"href":"https:\/\/floryaplastik.com\/ar\/wp-json\/wp\/v2\/pages\/1098\/revisions"}],"predecessor-version":[{"id":1104,"href":"https:\/\/floryaplastik.com\/ar\/wp-json\/wp\/v2\/pages\/1098\/revisions\/1104"}],"wp:attachment":[{"href":"https:\/\/floryaplastik.com\/ar\/wp-json\/wp\/v2\/media?parent=1098"}],"curies":[{"name":"wp","href":"https:\/\/api.w.org\/{rel}","templated":true}]}}