{"id":1097,"date":"2024-10-09T07:18:11","date_gmt":"2024-10-09T07:18:11","guid":{"rendered":"https:\/\/floryaplastik.com\/?page_id=1097"},"modified":"2024-10-09T07:19:52","modified_gmt":"2024-10-09T07:19:52","slug":"cerez-politikasi","status":"publish","type":"page","link":"https:\/\/floryaplastik.com\/ar\/cerez-politikasi\/","title":{"rendered":"\u0633\u064a\u0627\u0633\u0629 \u0645\u0644\u0641\u0627\u062a \u062a\u0639\u0631\u064a\u0641 \u0627\u0644\u0627\u0631\u062a\u0628\u0627\u0637"},"content":{"rendered":"<nav aria-label=\"breadcrumbs\"><p><a href=\"https:\/\/floryaplastik.com\/ar\/\">\u0627\u0644\u0635\u0641\u062d\u0629 \u0627\u0644\u0631\u0626\u064a\u0633\u064a\u0629<\/a> &bull; \u00c7erez Politikas\u0131<\/p><\/nav><h2>\n\t\tFlorya Plastik &#8211; Florya Garden \u00c7erez Politikas\u0131\n\t<\/h2>\n\t<p>\u0643\u0645\u0627 \u0641\u0644\u0648\u0631\u064a\u0627 \u0628\u0644\u0627\u0633\u062a\u064a\u0643\u0646\u062d\u0646 \u0646\u0633\u062a\u062e\u062f\u0645 \u0645\u0644\u0641\u0627\u062a \u062a\u0639\u0631\u064a\u0641 \u0627\u0644\u0627\u0631\u062a\u0628\u0627\u0637 \u0639\u0646\u062f \u0632\u064a\u0627\u0631\u0629 \u0645\u0648\u0642\u0639\u0646\u0627 \u0639\u0644\u0649 \u0627\u0644\u0627\u0646\u062a\u0631\u0646\u062a. \u062a\u0634\u0631\u062d \u0633\u064a\u0627\u0633\u0629 \u0645\u0644\u0641\u0627\u062a \u062a\u0639\u0631\u064a\u0641 \u0627\u0644\u0627\u0631\u062a\u0628\u0627\u0637 \u0647\u0630\u0647 \u0645\u0627\u0647\u064a\u0629 \u0645\u0644\u0641\u0627\u062a \u062a\u0639\u0631\u064a\u0641 \u0627\u0644\u0627\u0631\u062a\u0628\u0627\u0637 \u0648\u0623\u0646\u0648\u0627\u0639 \u0645\u0644\u0641\u0627\u062a \u062a\u0639\u0631\u064a\u0641 \u0627\u0644\u0627\u0631\u062a\u0628\u0627\u0637 \u0627\u0644\u062a\u064a \u0646\u0633\u062a\u062e\u062f\u0645\u0647\u0627 \u0648\u0643\u064a\u0641 \u064a\u0645\u0643\u0646\u0643 \u0625\u062f\u0627\u0631\u0629 \u0645\u0644\u0641\u0627\u062a \u062a\u0639\u0631\u064a\u0641 \u0627\u0644\u0627\u0631\u062a\u0628\u0627\u0637.<\/p>\n<h3><strong>2. \u0645\u0627 \u0647\u0648 \u0645\u0644\u0641 \u062a\u0639\u0631\u064a\u0641 \u0627\u0644\u0627\u0631\u062a\u0628\u0627\u0637?<\/strong><\/h3>\n<p>\u0645\u0644\u0641\u0627\u062a \u062a\u0639\u0631\u064a\u0641 \u0627\u0644\u0627\u0631\u062a\u0628\u0627\u0637 \u0647\u064a \u0645\u0644\u0641\u0627\u062a \u0646\u0635\u064a\u0629 \u0635\u063a\u064a\u0631\u0629 \u062a\u0631\u0633\u0644\u0647\u0627 \u0645\u0648\u0627\u0642\u0639 \u0627\u0644\u0648\u064a\u0628 \u0625\u0644\u0649 \u0645\u062a\u0635\u0641\u062d\u0643 \u0648\u064a\u062a\u0645 \u062a\u062e\u0632\u064a\u0646\u0647\u0627 \u0639\u0644\u0649 \u062c\u0647\u0627\u0632\u0643. \u062a\u0633\u0627\u0639\u062f \u0645\u0644\u0641\u0627\u062a \u062a\u0639\u0631\u064a\u0641 \u0627\u0644\u0627\u0631\u062a\u0628\u0627\u0637 \u0645\u0648\u0642\u0639 \u0627\u0644\u0648\u064a\u0628 \u0639\u0644\u0649 \u062a\u062d\u0633\u064a\u0646 \u062a\u062c\u0631\u0628\u0629 \u0627\u0644\u0645\u0633\u062a\u062e\u062f\u0645 \u0648\u062a\u0645\u0643\u064a\u0646\u0647 \u0645\u0646 \u062a\u0630\u0643\u0631 \u0645\u0639\u0644\u0648\u0645\u0627\u062a \u0645\u0639\u064a\u0646\u0629.<\/p>\n<h3><strong>3. \u0623\u0646\u0648\u0627\u0639 \u0645\u0644\u0641\u0627\u062a \u062a\u0639\u0631\u064a\u0641 \u0627\u0644\u0627\u0631\u062a\u0628\u0627\u0637 \u0627\u0644\u0645\u0633\u062a\u062e\u062f\u0645\u0629<\/strong><\/h3>\n<p>\u064a\u062a\u0645 \u0627\u0633\u062a\u062e\u062f\u0627\u0645 \u0627\u0644\u0623\u0646\u0648\u0627\u0639 \u0627\u0644\u062a\u0627\u0644\u064a\u0629 \u0645\u0646 \u0645\u0644\u0641\u0627\u062a \u062a\u0639\u0631\u064a\u0641 \u0627\u0644\u0627\u0631\u062a\u0628\u0627\u0637 \u0639\u0644\u0649 \u0645\u0648\u0642\u0639\u0646\u0627:<\/p>\n<ul>\n<li><strong>\u0645\u0644\u0641\u0627\u062a \u062a\u0639\u0631\u064a\u0641 \u0627\u0644\u0627\u0631\u062a\u0628\u0627\u0637 \u0627\u0644\u0636\u0631\u0648\u0631\u064a\u0629 \u0644\u0644\u063a\u0627\u064a\u0629:<\/strong> \u0645\u0644\u0641\u0627\u062a \u062a\u0639\u0631\u064a\u0641 \u0627\u0644\u0627\u0631\u062a\u0628\u0627\u0637 \u0647\u0630\u0647 \u0636\u0631\u0648\u0631\u064a\u0629 \u0644\u0644\u062a\u0634\u063a\u064a\u0644 \u0627\u0644\u0633\u0644\u064a\u0645 \u0644\u0645\u0648\u0642\u0639\u0646\u0627 \u0639\u0644\u0649 \u0627\u0644\u0648\u064a\u0628. \u0639\u0644\u0649 \u0633\u0628\u064a\u0644 \u0627\u0644\u0645\u062b\u0627\u0644 \u060c \u064a\u062a\u0645 \u0627\u0633\u062a\u062e\u062f\u0627\u0645\u0647 \u0644\u0639\u0645\u0644\u064a\u0627\u062a \u062a\u0633\u062c\u064a\u0644 \u0627\u0644\u062f\u062e\u0648\u0644 \u0648\u0645\u064a\u0632\u0627\u062a \u0627\u0644\u0623\u0645\u0627\u0646.<\/li>\n<li><strong>\u0645\u0644\u0641\u0627\u062a \u062a\u0639\u0631\u064a\u0641 \u0627\u0644\u0627\u0631\u062a\u0628\u0627\u0637 \u0644\u0644\u0623\u062f\u0627\u0621:<\/strong> \u062a\u0633\u0627\u0639\u062f\u0646\u0627 \u0645\u0644\u0641\u0627\u062a \u062a\u0639\u0631\u064a\u0641 \u0627\u0644\u0627\u0631\u062a\u0628\u0627\u0637 \u0647\u0630\u0647 \u0639\u0644\u0649 \u0641\u0647\u0645 \u0643\u064a\u0641\u064a\u0629 \u0627\u0633\u062a\u062e\u062f\u0627\u0645 \u0645\u0648\u0642\u0639\u0646\u0627. \u064a\u0642\u0648\u0645 \u0628\u062c\u0645\u0639 \u0645\u0639\u0644\u0648\u0645\u0627\u062a \u0645\u062b\u0644 \u0639\u062f\u062f \u0627\u0644\u0632\u0648\u0627\u0631 \u0648\u0645\u062f\u0629 \u0627\u0644\u0632\u064a\u0627\u0631\u0627\u062a \u0648\u0627\u0644\u0635\u0641\u062d\u0627\u062a \u0627\u0644\u062a\u064a \u062a\u0645\u062a \u0632\u064a\u0627\u0631\u062a\u0647\u0627.<\/li>\n<li><strong>\u0645\u0644\u0641\u0627\u062a \u062a\u0639\u0631\u064a\u0641 \u0627\u0644\u0627\u0631\u062a\u0628\u0627\u0637 \u0627\u0644\u0648\u0638\u064a\u0641\u064a\u0629:<\/strong> \u062a\u0633\u0645\u062d \u0645\u0644\u0641\u0627\u062a \u062a\u0639\u0631\u064a\u0641 \u0627\u0644\u0627\u0631\u062a\u0628\u0627\u0637 \u0647\u0630\u0647 \u0644\u0645\u0648\u0642\u0639\u0646\u0627 \u0627\u0644\u0625\u0644\u0643\u062a\u0631\u0648\u0646\u064a \u0628\u062a\u0648\u0641\u064a\u0631 \u062a\u062c\u0631\u0628\u0629 \u0623\u0643\u062b\u0631 \u062a\u062e\u0635\u064a\u0635\u0627 \u0645\u0646 \u062e\u0644\u0627\u0644 \u062a\u0630\u0643\u0631 \u062a\u0641\u0636\u064a\u0644\u0627\u062a\u0643. \u0639\u0644\u0649 \u0633\u0628\u064a\u0644 \u0627\u0644\u0645\u062b\u0627\u0644 \u060c \u064a\u0645\u0643\u0646\u0647 \u062a\u062e\u0632\u064a\u0646 \u062a\u0641\u0636\u064a\u0644\u0627\u062a \u0627\u0644\u0644\u063a\u0629 \u0627\u0644\u062e\u0627\u0635\u0629 \u0628\u0643.<\/li>\n<li><strong>\u0645\u0644\u0641\u0627\u062a \u062a\u0639\u0631\u064a\u0641 \u0627\u0644\u0627\u0631\u062a\u0628\u0627\u0637 \u0627\u0644\u0627\u0633\u062a\u0647\u062f\u0627\u0641\u064a\u0629 \/ \u0627\u0644\u0625\u0639\u0644\u0627\u0646\u064a\u0629:<\/strong> \u062a\u0633\u0645\u062d \u0645\u0644\u0641\u0627\u062a \u062a\u0639\u0631\u064a\u0641 \u0627\u0644\u0627\u0631\u062a\u0628\u0627\u0637 \u0647\u0630\u0647 \u0628\u0639\u0631\u0636 \u0627\u0644\u0625\u0639\u0644\u0627\u0646\u0627\u062a \u0648\u0641\u0642\u0627 \u0644\u0627\u0647\u062a\u0645\u0627\u0645\u0627\u062a\u0643. \u0643\u0645\u0627 \u0623\u0646\u0647 \u064a\u0633\u0627\u0639\u062f\u0646\u0627 \u0639\u0644\u0649 \u0642\u064a\u0627\u0633 \u0641\u0639\u0627\u0644\u064a\u0629 \u0627\u0644\u062d\u0645\u0644\u0627\u062a \u0627\u0644\u0625\u0639\u0644\u0627\u0646\u064a\u0629.<\/li>\n<\/ul>\n<h3><strong>4. \u0623\u063a\u0631\u0627\u0636 \u0627\u0633\u062a\u062e\u062f\u0627\u0645 \u0645\u0644\u0641\u0627\u062a \u062a\u0639\u0631\u064a\u0641 \u0627\u0644\u0627\u0631\u062a\u0628\u0627\u0637<\/strong><\/h3>\n<p>\u062a\u0633\u062a\u062e\u062f\u0645 \u0645\u0644\u0641\u0627\u062a \u062a\u0639\u0631\u064a\u0641 \u0627\u0644\u0627\u0631\u062a\u0628\u0627\u0637 \u0644\u0644\u0623\u063a\u0631\u0627\u0636 \u0627\u0644\u062a\u0627\u0644\u064a\u0629:<\/p>\n<ul>\n<li>\u0644\u0636\u0645\u0627\u0646 \u0648\u0638\u0627\u0626\u0641 \u0627\u0644\u0645\u0648\u0642\u0639<\/li>\n<li>\u062a\u062d\u0633\u064a\u0646 \u062a\u062c\u0631\u0628\u0629 \u0627\u0644\u0645\u0633\u062a\u062e\u062f\u0645<\/li>\n<li>\u062a\u062d\u0644\u064a\u0644 \u062d\u0631\u0643\u0629 \u0627\u0644\u0645\u0631\u0648\u0631 \u0639\u0644\u0649 \u0627\u0644\u0645\u0648\u0642\u0639<\/li>\n<li>\u0644\u062a\u062d\u0633\u064a\u0646 \u0623\u0646\u0634\u0637\u0629 \u0627\u0644\u0625\u0639\u0644\u0627\u0646 \u0648\u0627\u0644\u062a\u0633\u0648\u064a\u0642<\/li>\n<\/ul>\n<h3><strong>5. \u0625\u062f\u0627\u0631\u0629 \u0645\u0644\u0641\u0627\u062a \u062a\u0639\u0631\u064a\u0641 \u0627\u0644\u0627\u0631\u062a\u0628\u0627\u0637<\/strong><\/h3>\n<p>\u064a\u0645\u0643\u0646\u0643 \u0625\u062f\u0627\u0631\u0629 \u0645\u0644\u0641\u0627\u062a \u062a\u0639\u0631\u064a\u0641 \u0627\u0644\u0627\u0631\u062a\u0628\u0627\u0637 \u0645\u0646 \u0625\u0639\u062f\u0627\u062f\u0627\u062a \u0627\u0644\u0645\u062a\u0635\u0641\u062d \u0648\u062a\u0639\u0637\u064a\u0644\u0647\u0627 \u0625\u0630\u0627 \u0643\u0646\u062a \u062a\u0631\u064a\u062f \u0630\u0644\u0643. \u0648\u0645\u0639 \u0630\u0644\u0643 \u060c \u0625\u0630\u0627 \u0642\u0645\u062a \u0628\u062a\u0639\u0637\u064a\u0644 \u0645\u0644\u0641\u0627\u062a \u062a\u0639\u0631\u064a\u0641 \u0627\u0644\u0627\u0631\u062a\u0628\u0627\u0637 \u060c \u0641\u0642\u062f \u0644\u0627 \u062a\u0639\u0645\u0644 \u0628\u0639\u0636 \u0645\u064a\u0632\u0627\u062a \u0645\u0648\u0642\u0639\u0646\u0627 \u0628\u0634\u0643\u0644 \u0635\u062d\u064a\u062d. \u0642\u062f \u062a\u062e\u062a\u0644\u0641 \u0637\u0631\u064a\u0642\u0629 \u062a\u063a\u064a\u064a\u0631 \u0625\u0639\u062f\u0627\u062f\u0627\u062a \u0645\u0644\u0641\u0627\u062a \u062a\u0639\u0631\u064a\u0641 \u0627\u0644\u0627\u0631\u062a\u0628\u0627\u0637 \u0644\u0643\u0644 \u0645\u062a\u0635\u0641\u062d. \u064a\u0645\u0643\u0646\u0643 \u0645\u0639\u0631\u0641\u0629 \u0643\u064a\u0641\u064a\u0629 \u062a\u063a\u064a\u064a\u0631 \u0625\u0639\u062f\u0627\u062f\u0627\u062a \u0645\u0644\u0641\u0627\u062a \u062a\u0639\u0631\u064a\u0641 \u0627\u0644\u0627\u0631\u062a\u0628\u0627\u0637 \u0645\u0646 \u0642\u0633\u0645 \u0627\u0644\u0645\u0633\u0627\u0639\u062f\u0629 \u0641\u064a \u0645\u062a\u0635\u0641\u062d\u0643 \u0623\u0648 \u0645\u0646 \u0627\u0644\u0631\u0648\u0627\u0628\u0637 \u0623\u062f\u0646\u0627\u0647:<\/p>\n<ul>\n<li>Google Chrome<\/li>\n<li>Mozilla Firefox<\/li>\n<li>Safari<\/li>\n<li>Microsoft Edge<\/li>\n<\/ul>\n<h3><strong>6. \u0645\u0644\u0641\u0627\u062a \u062a\u0639\u0631\u064a\u0641 \u0627\u0631\u062a\u0628\u0627\u0637 \u0627\u0644\u0637\u0631\u0641 \u0627\u0644\u062b\u0627\u0644\u062b<\/strong><\/h3>\n<p>\u064a\u0645\u0643\u0646 \u0623\u064a\u0636\u0627 \u0627\u0633\u062a\u062e\u062f\u0627\u0645 \u0645\u0644\u0641\u0627\u062a \u062a\u0639\u0631\u064a\u0641 \u0627\u0644\u0627\u0631\u062a\u0628\u0627\u0637 \u0627\u0644\u0645\u0648\u0636\u0648\u0639\u0629 \u0645\u0646 \u0642\u0628\u0644 \u0623\u0637\u0631\u0627\u0641 \u062b\u0627\u0644\u062b\u0629 \u0639\u0644\u0649 \u0645\u0648\u0642\u0639\u0646\u0627. \u064a\u062a\u0645 \u0627\u0633\u062a\u062e\u062f\u0627\u0645 \u0645\u0644\u0641\u0627\u062a \u062a\u0639\u0631\u064a\u0641 \u0627\u0644\u0627\u0631\u062a\u0628\u0627\u0637 \u0647\u0630\u0647 \u0628\u0634\u0643\u0644 \u062e\u0627\u0635 \u0645\u0646 \u0642\u0628\u0644 \u0623\u0637\u0631\u0627\u0641 \u062b\u0627\u0644\u062b\u0629 \u062a\u0642\u062f\u0645 \u062e\u062f\u0645\u0627\u062a \u0627\u0644\u062a\u062d\u0644\u064a\u0644\u0627\u062a \u0648\u0627\u0644\u0625\u0639\u0644\u0627\u0646. \u064a\u062e\u0636\u0639 \u0627\u0633\u062a\u062e\u062f\u0627\u0645 \u0645\u0644\u0641\u0627\u062a \u062a\u0639\u0631\u064a\u0641 \u0627\u0644\u0627\u0631\u062a\u0628\u0627\u0637 \u0647\u0630\u0647 \u0644\u0633\u064a\u0627\u0633\u0627\u062a \u0627\u0644\u062e\u0635\u0648\u0635\u064a\u0629 \u0627\u0644\u062e\u0627\u0635\u0629 \u0628\u0627\u0644\u0623\u0637\u0631\u0627\u0641 \u0627\u0644\u062b\u0627\u0644\u062b\u0629 \u0630\u0627\u062a \u0627\u0644\u0635\u0644\u0629.<\/p>\n<h3><strong>7. \u062a\u063a\u064a\u064a\u0631\u0627\u062a \u0627\u0644\u0633\u064a\u0627\u0633\u0629<\/strong><\/h3>\n<p>\u0642\u062f \u064a\u062a\u0645 \u062a\u062d\u062f\u064a\u062b \u0633\u064a\u0627\u0633\u0629 \u0645\u0644\u0641\u0627\u062a \u062a\u0639\u0631\u064a\u0641 \u0627\u0644\u0627\u0631\u062a\u0628\u0627\u0637 \u0647\u0630\u0647 \u0645\u0646 \u0648\u0642\u062a \u0644\u0622\u062e\u0631. \u0646\u0648\u0635\u064a \u0628\u0627\u0644\u062a\u062d\u0642\u0642 \u0645\u0646 \u0627\u0644\u0633\u064a\u0627\u0633\u0629 \u0628\u0627\u0646\u062a\u0638\u0627\u0645 \u0644\u0645\u0648\u0627\u0643\u0628\u0629 \u0627\u0644\u062a\u062d\u062f\u064a\u062b\u0627\u062a. \u0627\u0644\u062a\u063a\u064a\u064a\u0631\u0627\u062a \u0635\u0627\u0644\u062d\u0629 \u0645\u0646 \u0644\u062d\u0638\u0629 \u0646\u0634\u0631\u0647\u0627 \u0639\u0644\u0649 \u0645\u0648\u0642\u0639\u0646\u0627.<\/p>\n<h3><strong>8. \u0627\u0644\u0627\u062a\u0635\u0627\u0644\u0627\u062a<\/strong><\/h3>\n<p>\u00c7erez politikas\u0131yla ilgili herhangi bir sorunuz varsa, l\u00fctfen bizimle ileti\u015fime ge\u00e7in:<\/p>\n<strong>Florya Plastik<\/strong><br \/>\n\u0627\u0644\u0628\u0631\u064a\u062f \u0627\u0644\u0625\u0644\u0643\u062a\u0631\u0648\u0646\u064a :  info@floryaplastik.com<br \/>\n\u0627\u0644\u0647\u0627\u062a\u0641: <a href=\"tel: 905411356792\" target=\"_blank\" rel=\"noopener\">+90 541 135 67 92<\/a><br \/>\n\u0627\u0644\u0639\u0646\u0648\u0627\u0646: Sanayi Mah. 60350 Sokak No:13 \u015eehitkamil \/ GAZ\u0130ANTEP","protected":false},"excerpt":{"rendered":"<p>Anasayfa &bull; \u00c7erez Politikas\u0131 Florya Plastik &#8211; Florya Garden \u00c7erez Politikas\u0131 Florya Plastik olarak, web sitemizi ziyaret etti\u011finizde \u00e7erezler (cookies) [&hellip;]<\/p>","protected":false},"author":1,"featured_media":0,"parent":0,"menu_order":0,"comment_status":"closed","ping_status":"closed","template":"","meta":{"rank_math_lock_modified_date":false,"inline_featured_image":false,"site-sidebar-layout":"no-sidebar","site-content-layout":"page-builder","ast-site-content-layout":"full-width-container","site-content-style":"boxed","site-sidebar-style":"default","ast-global-header-display":"","ast-banner-title-visibility":"disabled","ast-main-header-display":"","ast-hfb-above-header-display":"","ast-hfb-below-header-display":"","ast-hfb-mobile-header-display":"disabled","site-post-title":"disabled","ast-breadcrumbs-content":"disabled","ast-featured-img":"disabled","footer-sml-layout":"disabled","theme-transparent-header-meta":"default","adv-header-id-meta":"","stick-header-meta":"default","header-above-stick-meta":"","header-main-stick-meta":"","header-below-stick-meta":"","astra-migrate-meta-layouts":"set","ast-page-background-enabled":"default","ast-page-background-meta":{"desktop":{"background-color":"var(--ast-global-color-4)","background-image":"","background-repeat":"repeat","background-position":"center center","background-size":"auto","background-attachment":"scroll","background-type":"","background-media":"","overlay-type":"","overlay-color":"","overlay-opacity":"","overlay-gradient":""},"tablet":{"background-color":"","background-image":"","background-repeat":"repeat","background-position":"center center","background-size":"auto","background-attachment":"scroll","background-type":"","background-media":"","overlay-type":"","overlay-color":"","overlay-opacity":"","overlay-gradient":""},"mobile":{"background-color":"","background-image":"","background-repeat":"repeat","background-position":"center center","background-size":"auto","background-attachment":"scroll","background-type":"","background-media":"","overlay-type":"","overlay-color":"","overlay-opacity":"","overlay-gradient":""}},"ast-content-background-meta":{"desktop":{"background-color":"var(--ast-global-color-5)","background-image":"","background-repeat":"repeat","background-position":"center center","background-size":"auto","background-attachment":"scroll","background-type":"","background-media":"","overlay-type":"","overlay-color":"","overlay-opacity":"","overlay-gradient":""},"tablet":{"background-color":"var(--ast-global-color-5)","background-image":"","background-repeat":"repeat","background-position":"center center","background-size":"auto","background-attachment":"scroll","background-type":"","background-media":"","overlay-type":"","overlay-color":"","overlay-opacity":"","overlay-gradient":""},"mobile":{"background-color":"var(--ast-global-color-5)","background-image":"","background-repeat":"repeat","background-position":"center center","background-size":"auto","background-attachment":"scroll","background-type":"","background-media":"","overlay-type":"","overlay-color":"","overlay-opacity":"","overlay-gradient":""}},"footnotes":""},"class_list":["post-1097","page","type-page","status-publish","hentry"],"acf":[],"_links":{"self":[{"href":"https:\/\/floryaplastik.com\/ar\/wp-json\/wp\/v2\/pages\/1097","targetHints":{"allow":["GET"]}}],"collection":[{"href":"https:\/\/floryaplastik.com\/ar\/wp-json\/wp\/v2\/pages"}],"about":[{"href":"https:\/\/floryaplastik.com\/ar\/wp-json\/wp\/v2\/types\/page"}],"author":[{"embeddable":true,"href":"https:\/\/floryaplastik.com\/ar\/wp-json\/wp\/v2\/users\/1"}],"replies":[{"embeddable":true,"href":"https:\/\/floryaplastik.com\/ar\/wp-json\/wp\/v2\/comments?post=1097"}],"version-history":[{"count":2,"href":"https:\/\/floryaplastik.com\/ar\/wp-json\/wp\/v2\/pages\/1097\/revisions"}],"predecessor-version":[{"id":1101,"href":"https:\/\/floryaplastik.com\/ar\/wp-json\/wp\/v2\/pages\/1097\/revisions\/1101"}],"wp:attachment":[{"href":"https:\/\/floryaplastik.com\/ar\/wp-json\/wp\/v2\/media?parent=1097"}],"curies":[{"name":"wp","href":"https:\/\/api.w.org\/{rel}","templated":true}]}}