{"id":1026,"date":"2024-10-08T21:19:48","date_gmt":"2024-10-08T21:19:48","guid":{"rendered":"https:\/\/floryaplastik.com\/?page_id=1026"},"modified":"2024-10-08T21:29:31","modified_gmt":"2024-10-08T21:29:31","slug":"online-katalog","status":"publish","type":"page","link":"https:\/\/floryaplastik.com\/ar\/online-katalog\/","title":{"rendered":"\u0627\u0644\u0643\u062a\u0627\u0644\u0648\u062c \u0627\u0644\u0625\u0644\u0643\u062a\u0631\u0648\u0646\u064a"},"content":{"rendered":"<nav aria-label=\"breadcrumbs\"><p><a href=\"https:\/\/floryaplastik.com\/ar\/\">\u0627\u0644\u0635\u0641\u062d\u0629 \u0627\u0644\u0631\u0626\u064a\u0633\u064a\u0629<\/a> &bull; Online Katalog<\/p><\/nav>\n\t<div class=\"_df_book df-lite\" id=\"df_1029\"  _slug=\"katalog\" data-title=\"katalog\" wpoptions=\"true\" thumbtype=\"\" ><\/div><script class=\"df-shortcode-script\" type=\"application\/javascript\">window.option_df_1029 = {\"webgl\":\"true\",\"outline\":[],\"autoEnableOutline\":\"false\",\"autoEnableThumbnail\":\"false\",\"overwritePDFOutline\":\"false\",\"enableDownload\":\"false\",\"direction\":\"1\",\"pageSize\":\"0\",\"controlsPosition\":\"bottom\",\"maxTextureSize\":\"1400\",\"source\":\"https:\\\/\\\/floryaplastik.com\\\/wp-content\\\/uploads\\\/2024\\\/10\\\/katalog-sikistirilmis.pdf\",\"wpOptions\":\"true\"}; if(window.DFLIP && window.DFLIP.parseBooks){window.DFLIP.parseBooks();}<\/script>\n<h2>\n\t\t\u0627\u0644\u0623\u0633\u0626\u0644\u0629 \u0627\u0644\u0645\u062a\u062f\u0627\u0648\u0644\u0629\n\t<\/h2>\n\t<p>01.<\/p>\n<h3>\n\t\t\u0647\u0644 \u064a\u0648\u062c\u062f \u0636\u0645\u0627\u0646 \u0639\u0644\u0649 \u0643\u0631\u0633\u064a \u0627\u0644\u062c\u0644\u0648\u0633 \u0641\u064a \u0627\u0644\u0645\u0643\u0627\u0646\u061f\n\t<\/h3>\n\t<p>\u062a\u0642\u062f\u0645 \u062d\u062f\u064a\u0642\u0629 \u0641\u0644\u0648\u0631\u064a\u0627 \u062c\u0627\u0631\u062f\u0646 \u0641\u062a\u0631\u0629 \u0636\u0645\u0627\u0646 \u0645\u0639\u064a\u0646\u0629 \u0644\u0645\u062c\u0645\u0648\u0639\u0627\u062a \u0627\u0644\u062c\u0644\u0648\u0633 \u0627\u0644\u062e\u0627\u0631\u062c\u064a\u0629 \u0648\u0627\u0644\u0643\u0631\u0627\u0633\u064a \u0648\u0627\u0644\u0637\u0627\u0648\u0644\u0627\u062a \u0627\u0644\u0628\u0644\u0627\u0633\u062a\u064a\u0643\u064a\u0629.<\/p>\n\t<p>02.<\/p>\n<h3>\n\t\t\u0645\u0627 \u0647\u064a \u0627\u0644\u0645\u0648\u0627\u062f \u0627\u0644\u0645\u0635\u0646\u0648\u0639\u0629 \u0645\u0646\u0647\u0627 \u0645\u0646\u062a\u062c\u0627\u062a\u0647\u0645\u061f\n\t<\/h3>\n\t<p>\u0647\u0644 \u064a\u0645\u0643\u0646\u0646\u064a \u0627\u0644\u062d\u0635\u0648\u0644 \u0639\u0644\u0649 \u0645\u0639\u0644\u0648\u0645\u0627\u062a \u062d\u0648\u0644 \u0645\u062a\u0627\u0646\u0629 \u0645\u062c\u0645\u0648\u0639\u0627\u062a \u0627\u0644\u062c\u0644\u0648\u0633 \u0627\u0644\u062e\u0627\u0631\u062c\u064a\u0629 \u0648\u0627\u0644\u0643\u0631\u0627\u0633\u064a \u0648\u0627\u0644\u0637\u0627\u0648\u0644\u0627\u062a \u0627\u0644\u0628\u0644\u0627\u0633\u062a\u064a\u0643\u064a\u0629\u061f<\/p>\n\t<p>03.<\/p>\n<h3>\n\t\t\u0647\u0644 \u0647\u0646\u0627\u0643 \u062d\u062f \u0623\u062f\u0646\u0649 \u0644\u0644\u0643\u0645\u064a\u0629 \u0644\u062a\u0642\u062f\u064a\u0645 \u0637\u0644\u0628\u064a\u0629\u061f\n\t<\/h3>\n\t<p>\u0647\u0644 \u0647\u0646\u0627\u0643 \u062d\u062f \u0623\u062f\u0646\u0649 \u0645\u0639\u064a\u0646 \u0644\u0644\u0643\u0645\u064a\u0629 \u0623\u0648 \u0646\u0637\u0627\u0642 \u0633\u0639\u0631\u064a \u0645\u0639\u064a\u0646 \u0639\u0646\u062f \u0627\u0644\u0637\u0644\u0628\u061f<\/p>\n\t<p>04.<\/p>\n<h3>\n\t\t\u0645\u0627 \u0647\u0648 \u0648\u0642\u062a \u062a\u0633\u0644\u064a\u0645 \u0627\u0644\u0645\u0646\u062a\u062c\u0627\u062a\u061f\n\t<\/h3>\n\t<p>\u0643\u0645 \u0645\u0646 \u0627\u0644\u0648\u0642\u062a \u064a\u0633\u062a\u063a\u0631\u0642 \u062a\u0648\u0635\u064a\u0644 \u0627\u0644\u0637\u0644\u0628\u0627\u062a \u0639\u0627\u062f\u0629\u064b \u0648\u0647\u0644 \u064a\u0645\u0643\u0646\u0646\u064a \u062a\u0642\u062f\u064a\u0645 \u0637\u0644\u0628 \u062a\u0648\u0635\u064a\u0644 \u062e\u0627\u0635\u061f<\/p>","protected":false},"excerpt":{"rendered":"<p>Anasayfa &bull; Online Katalog SIK\u00c7A SORULAN SORULAR 01. Mekan oturma sandalyesinin garantisi var m\u0131? Florya Garden, d\u0131\u015f mekan oturma gruplar\u0131, [&hellip;]<\/p>","protected":false},"author":1,"featured_media":0,"parent":0,"menu_order":0,"comment_status":"closed","ping_status":"closed","template":"","meta":{"rank_math_lock_modified_date":false,"inline_featured_image":false,"site-sidebar-layout":"no-sidebar","site-content-layout":"page-builder","ast-site-content-layout":"full-width-container","site-content-style":"boxed","site-sidebar-style":"default","ast-global-header-display":"","ast-banner-title-visibility":"disabled","ast-main-header-display":"","ast-hfb-above-header-display":"","ast-hfb-below-header-display":"","ast-hfb-mobile-header-display":"disabled","site-post-title":"disabled","ast-breadcrumbs-content":"disabled","ast-featured-img":"disabled","footer-sml-layout":"disabled","theme-transparent-header-meta":"default","adv-header-id-meta":"","stick-header-meta":"default","header-above-stick-meta":"","header-main-stick-meta":"","header-below-stick-meta":"","astra-migrate-meta-layouts":"set","ast-page-background-enabled":"default","ast-page-background-meta":{"desktop":{"background-color":"var(--ast-global-color-4)","background-image":"","background-repeat":"repeat","background-position":"center center","background-size":"auto","background-attachment":"scroll","background-type":"","background-media":"","overlay-type":"","overlay-color":"","overlay-opacity":"","overlay-gradient":""},"tablet":{"background-color":"","background-image":"","background-repeat":"repeat","background-position":"center center","background-size":"auto","background-attachment":"scroll","background-type":"","background-media":"","overlay-type":"","overlay-color":"","overlay-opacity":"","overlay-gradient":""},"mobile":{"background-color":"","background-image":"","background-repeat":"repeat","background-position":"center center","background-size":"auto","background-attachment":"scroll","background-type":"","background-media":"","overlay-type":"","overlay-color":"","overlay-opacity":"","overlay-gradient":""}},"ast-content-background-meta":{"desktop":{"background-color":"var(--ast-global-color-5)","background-image":"","background-repeat":"repeat","background-position":"center center","background-size":"auto","background-attachment":"scroll","background-type":"","background-media":"","overlay-type":"","overlay-color":"","overlay-opacity":"","overlay-gradient":""},"tablet":{"background-color":"var(--ast-global-color-5)","background-image":"","background-repeat":"repeat","background-position":"center center","background-size":"auto","background-attachment":"scroll","background-type":"","background-media":"","overlay-type":"","overlay-color":"","overlay-opacity":"","overlay-gradient":""},"mobile":{"background-color":"var(--ast-global-color-5)","background-image":"","background-repeat":"repeat","background-position":"center center","background-size":"auto","background-attachment":"scroll","background-type":"","background-media":"","overlay-type":"","overlay-color":"","overlay-opacity":"","overlay-gradient":""}},"footnotes":""},"class_list":["post-1026","page","type-page","status-publish","hentry"],"acf":[],"_links":{"self":[{"href":"https:\/\/floryaplastik.com\/ar\/wp-json\/wp\/v2\/pages\/1026","targetHints":{"allow":["GET"]}}],"collection":[{"href":"https:\/\/floryaplastik.com\/ar\/wp-json\/wp\/v2\/pages"}],"about":[{"href":"https:\/\/floryaplastik.com\/ar\/wp-json\/wp\/v2\/types\/page"}],"author":[{"embeddable":true,"href":"https:\/\/floryaplastik.com\/ar\/wp-json\/wp\/v2\/users\/1"}],"replies":[{"embeddable":true,"href":"https:\/\/floryaplastik.com\/ar\/wp-json\/wp\/v2\/comments?post=1026"}],"version-history":[{"count":2,"href":"https:\/\/floryaplastik.com\/ar\/wp-json\/wp\/v2\/pages\/1026\/revisions"}],"predecessor-version":[{"id":1054,"href":"https:\/\/floryaplastik.com\/ar\/wp-json\/wp\/v2\/pages\/1026\/revisions\/1054"}],"wp:attachment":[{"href":"https:\/\/floryaplastik.com\/ar\/wp-json\/wp\/v2\/media?parent=1026"}],"curies":[{"name":"wp","href":"https:\/\/api.w.org\/{rel}","templated":true}]}}